{"id":13451,"date":"2022-02-16T15:27:58","date_gmt":"2022-02-16T14:27:58","guid":{"rendered":"https:\/\/essor93.org\/?page_id=13451"},"modified":"2022-04-08T14:17:00","modified_gmt":"2022-04-08T12:17:00","slug":"nos-offres-demploi","status":"publish","type":"page","link":"https:\/\/essor93.org\/index.php\/nos-offres-demploi\/","title":{"rendered":"Nous rejoindre"},"content":{"rendered":"\t\t<div data-elementor-type=\"wp-page\" data-elementor-id=\"13451\" class=\"elementor elementor-13451\">\n\t\t\t\t\t\t\t\t\t<section class=\"elementor-section elementor-top-section elementor-element elementor-element-1f8e8a0d elementor-section-boxed elementor-section-height-default elementor-section-height-default\" data-id=\"1f8e8a0d\" data-element_type=\"section\">\n\t\t\t\t\t\t<div class=\"elementor-container elementor-column-gap-default\">\n\t\t\t\t\t<div class=\"elementor-column elementor-col-100 elementor-top-column elementor-element elementor-element-466c7f93\" data-id=\"466c7f93\" data-element_type=\"column\">\n\t\t\t<div class=\"elementor-widget-wrap elementor-element-populated\">\n\t\t\t\t\t\t\t\t<div class=\"elementor-element elementor-element-67ed59dd elementor-invisible elementor-widget elementor-widget-pix-sliding-text\" data-id=\"67ed59dd\" data-element_type=\"widget\" data-settings=\"{&quot;_animation&quot;:&quot;fadeInLeft&quot;}\" data-widget_type=\"pix-sliding-text.default\">\n\t\t\t\t<div class=\"elementor-widget-container\">\n\t\t\t<div id=\"sliding-text-133317471\" class=\"mb-3 text-center \"><h3 class=\"mb-32 pix-sliding-headline font-weight-bold secondary-font\" data-class=\"secondary-font text-primary\" data-style=\"\">Vous souhaitez faire partie de l\u2019aventure ?<\/h3><\/div>\t\t<\/div>\n\t\t\t\t<\/div>\n\t\t\t\t<div class=\"elementor-element elementor-element-612e58be elementor-invisible elementor-widget elementor-widget-pix-text\" data-id=\"612e58be\" data-element_type=\"widget\" data-settings=\"{&quot;_animation&quot;:&quot;fadeInRight&quot;}\" data-widget_type=\"pix-text.default\">\n\t\t\t\t<div class=\"elementor-widget-container\">\n\t\t\t<div class=\"pix-el-text w-100 text-center \" ><p class=\"text-20  text-body-default text-center font-weight-bold\" ><span class=\"animate-in d-inline-block\" data-anim-delay=\"600\" data-anim-type=\"fade-in-up\">Que ce soit entant que b\u00e9n\u00e9ficiaires, b\u00e9n\u00e9voles ou salari\u00e9s, nos portes vous sont grandes ouvertes.<\/span><\/p><\/div>\t\t<\/div>\n\t\t\t\t<\/div>\n\t\t\t\t<div class=\"elementor-element elementor-element-dc5f14a elementor-invisible elementor-widget elementor-widget-pix-text\" data-id=\"dc5f14a\" data-element_type=\"widget\" data-settings=\"{&quot;_animation&quot;:&quot;fadeInLeft&quot;}\" data-widget_type=\"pix-text.default\">\n\t\t\t\t<div class=\"elementor-widget-container\">\n\t\t\t<div class=\"pix-el-text w-100 text-center \" ><p class=\"text-24  text-yellow text-center font-weight-bold\" ><span class=\"animate-in d-inline-block\" data-anim-delay=\"600\" data-anim-type=\"fade-in-up\">Venez prendre votre Essor avec nous !<\/span><\/p><\/div>\t\t<\/div>\n\t\t\t\t<\/div>\n\t\t\t\t\t<\/div>\n\t\t<\/div>\n\t\t\t\t\t\t\t<\/div>\n\t\t<\/section>\n\t\t\t\t<section class=\"elementor-section elementor-top-section elementor-element elementor-element-58163b62 elementor-section-stretched elementor-section-boxed elementor-section-height-default elementor-section-height-default\" data-id=\"58163b62\" data-element_type=\"section\" data-settings=\"{&quot;stretch_section&quot;:&quot;section-stretched&quot;,&quot;background_background&quot;:&quot;classic&quot;}\">\n\t\t\t\t\t\t<div class=\"elementor-container elementor-column-gap-default\">\n\t\t\t\t\t<div class=\"elementor-column elementor-col-33 elementor-top-column elementor-element elementor-element-699062a4\" data-id=\"699062a4\" data-element_type=\"column\">\n\t\t\t<div class=\"elementor-widget-wrap elementor-element-populated\">\n\t\t\t\t\t\t\t\t<div class=\"elementor-element elementor-element-4fca15fb elementor-widget elementor-widget-pix-3d-box\" data-id=\"4fca15fb\" data-element_type=\"widget\" data-widget_type=\"pix-3d-box.default\">\n\t\t\t\t<div class=\"elementor-widget-container\">\n\t\t\t<div class=\" mb-3 mb-md-0 \"  ><div class=\"card w-100 h-100 bg-gradient-primary  pix-pt-120 pix-hover-item rounded-xl position-relative overflow-hidden2 text-white tilt fancy_card\" ><img decoding=\"async\" src=\"https:\/\/essor93.org\/wp-content\/plugins\/pixfort-core\/functions\/images\/loading.webp\" data-srcset=\"https:\/\/essor93.org\/wp-content\/uploads\/2022\/02\/shutterstock_1585950085-1-300x168.jpg 300w, https:\/\/essor93.org\/wp-content\/uploads\/2022\/02\/shutterstock_1585950085-1-1024x574.jpg 1024w, https:\/\/essor93.org\/wp-content\/uploads\/2022\/02\/shutterstock_1585950085-1-768x430.jpg 768w, https:\/\/essor93.org\/wp-content\/uploads\/2022\/02\/shutterstock_1585950085-1-1536x861.jpg 1536w, https:\/\/essor93.org\/wp-content\/uploads\/2022\/02\/shutterstock_1585950085-1-2048x1148.jpg 2048w, https:\/\/essor93.org\/wp-content\/uploads\/2022\/02\/shutterstock_1585950085-1-1920x1080.jpg 1920w\" data-src=\"https:\/\/essor93.org\/wp-content\/uploads\/2022\/02\/shutterstock_1585950085-1-1024x574.jpg\" class=\"pix-lazy card-img pix-bg-image rounded-xl h-100 pix-opacity-2 pix-hover-opacity-6\" loading=\"lazy\" alt=\"\"><div class=\"card-img-overlay overflow-visible d-inline-block w-100 pix-img-overlay pix-p-30 d-flex align-items-end text-left\"><div class=\"w-100 \"><h4 class=\"card-title  text-white font-weight-bold mb-0 animate-in\" style=\"\">En tant qu'usager<\/h4><p class=\"card-text pix-pt-10 text-light-opacity-9 text-18\" style=\"\"><\/p><div class=\"card-btn-div mt-4 d-inline-block w-100\"><a  href=\"https:\/\/essor93.org\/?page_id=13503&preview=true\" class=\"btn m-0     text-heading-default btn-white d-inline-block pix-hover-item       btn-md\"     ><span class=\"font-weight-bold \" >Plus d'informations<\/span> <i class=\"font-weight-bold pixicon-handshake  pix-hover-right  ml-1\"><\/i><\/a><\/div><\/div><\/div><\/div><\/div>\t\t<\/div>\n\t\t\t\t<\/div>\n\t\t\t\t\t<\/div>\n\t\t<\/div>\n\t\t\t\t<div class=\"elementor-column elementor-col-33 elementor-top-column elementor-element elementor-element-744345e2\" data-id=\"744345e2\" data-element_type=\"column\">\n\t\t\t<div class=\"elementor-widget-wrap elementor-element-populated\">\n\t\t\t\t\t\t\t\t<div class=\"elementor-element elementor-element-f14e0aa elementor-widget elementor-widget-pix-3d-box\" data-id=\"f14e0aa\" data-element_type=\"widget\" data-widget_type=\"pix-3d-box.default\">\n\t\t\t\t<div class=\"elementor-widget-container\">\n\t\t\t<div class=\" mb-3 mb-md-0 \"  ><div class=\"card w-100 h-100 bg-gradient-primary  pix-pt-120 pix-hover-item rounded-xl position-relative overflow-hidden2 text-white tilt fancy_card\" ><img decoding=\"async\" src=\"https:\/\/essor93.org\/wp-content\/plugins\/pixfort-core\/functions\/images\/loading.webp\" data-srcset=\"https:\/\/essor93.org\/wp-content\/uploads\/2022\/02\/shutterstock_1577841277-3-300x200.jpg 300w, https:\/\/essor93.org\/wp-content\/uploads\/2022\/02\/shutterstock_1577841277-3-1024x683.jpg 1024w, https:\/\/essor93.org\/wp-content\/uploads\/2022\/02\/shutterstock_1577841277-3-768x512.jpg 768w, https:\/\/essor93.org\/wp-content\/uploads\/2022\/02\/shutterstock_1577841277-3-1536x1024.jpg 1536w, https:\/\/essor93.org\/wp-content\/uploads\/2022\/02\/shutterstock_1577841277-3-2048x1366.jpg 2048w\" data-src=\"https:\/\/essor93.org\/wp-content\/uploads\/2022\/02\/shutterstock_1577841277-3-1024x683.jpg\" class=\"pix-lazy card-img pix-bg-image rounded-xl h-100 pix-opacity-2 pix-hover-opacity-6\" loading=\"lazy\" alt=\"\"><div class=\"card-img-overlay overflow-visible d-inline-block w-100 pix-img-overlay pix-p-30 d-flex align-items-end text-left\"><div class=\"w-100 \"><h4 class=\"card-title  text-white font-weight-bold mb-0 animate-in\" style=\"\">En tant que salari\u00e9<\/h4><p class=\"card-text pix-pt-10 text-light-opacity-9 text-18\" style=\"\"><\/p><div class=\"card-btn-div mt-4 d-inline-block w-100\"><a  href=\"https:\/\/essor93.org\/?page_id=13506&preview=true\" class=\"btn m-0     text-heading-default btn-white d-inline-block pix-hover-item       btn-md\"     ><span class=\"font-weight-bold \" >Plus d'informations<\/span> <i class=\"font-weight-bold pixicon-handshake  pix-hover-right  ml-1\"><\/i><\/a><\/div><\/div><\/div><\/div><\/div>\t\t<\/div>\n\t\t\t\t<\/div>\n\t\t\t\t\t<\/div>\n\t\t<\/div>\n\t\t\t\t<div class=\"elementor-column elementor-col-33 elementor-top-column elementor-element elementor-element-5ed829a1\" data-id=\"5ed829a1\" data-element_type=\"column\">\n\t\t\t<div class=\"elementor-widget-wrap elementor-element-populated\">\n\t\t\t\t\t\t\t\t<div class=\"elementor-element elementor-element-e3f2298 elementor-widget elementor-widget-pix-3d-box\" data-id=\"e3f2298\" data-element_type=\"widget\" data-widget_type=\"pix-3d-box.default\">\n\t\t\t\t<div class=\"elementor-widget-container\">\n\t\t\t<div class=\" mb-3 mb-md-0 \"  ><div class=\"card w-100 h-100 bg-gradient-primary  pix-pt-120 pix-hover-item rounded-xl position-relative overflow-hidden2 text-white tilt fancy_card\" ><img decoding=\"async\" src=\"https:\/\/essor93.org\/wp-content\/plugins\/pixfort-core\/functions\/images\/loading.webp\" data-srcset=\"https:\/\/essor93.org\/wp-content\/uploads\/2022\/02\/shutterstock_1432991804-300x200.jpg 300w, https:\/\/essor93.org\/wp-content\/uploads\/2022\/02\/shutterstock_1432991804-1024x683.jpg 1024w, https:\/\/essor93.org\/wp-content\/uploads\/2022\/02\/shutterstock_1432991804-768x512.jpg 768w, https:\/\/essor93.org\/wp-content\/uploads\/2022\/02\/shutterstock_1432991804-1536x1024.jpg 1536w\" data-src=\"https:\/\/essor93.org\/wp-content\/uploads\/2022\/02\/shutterstock_1432991804-1024x683.jpg\" class=\"pix-lazy card-img pix-bg-image rounded-xl h-100 pix-opacity-2 pix-hover-opacity-6\" loading=\"lazy\" alt=\"\"><div class=\"card-img-overlay overflow-visible d-inline-block w-100 pix-img-overlay pix-p-30 d-flex align-items-end text-left\"><div class=\"w-100 \"><h4 class=\"card-title  text-white font-weight-bold mb-0 animate-in\" style=\"\">En tant que b\u00e9n\u00e9vole<\/h4><p class=\"card-text pix-pt-10 text-light-opacity-9 text-18\" style=\"\"><\/p><div class=\"card-btn-div mt-4 d-inline-block w-100\"><a  href=\"https:\/\/essor93.org\/?page_id=13508&preview=true\" class=\"btn m-0     text-heading-default btn-white d-inline-block pix-hover-item       btn-md\"     ><span class=\"font-weight-bold \" >Plus d'informations<\/span> <i class=\"font-weight-bold pixicon-handshake  pix-hover-right  ml-1\"><\/i><\/a><\/div><\/div><\/div><\/div><\/div>\t\t<\/div>\n\t\t\t\t<\/div>\n\t\t\t\t\t<\/div>\n\t\t<\/div>\n\t\t\t\t\t\t\t<\/div>\n\t\t<\/section>\n\t\t\t\t\t\t\t<\/div>\n\t\t","protected":false},"excerpt":{"rendered":"<p>Vous souhaitez faire partie de l\u2019aventure ? Que ce soit entant que b\u00e9n\u00e9ficiaires, b\u00e9n\u00e9voles ou salari\u00e9s, nos portes vous sont grandes ouvertes. Venez prendre votre Essor avec nous ! En tant qu&rsquo;usager Plus d&rsquo;informations En tant que salari\u00e9 Plus d&rsquo;informations&#8230;<\/p>\n","protected":false},"author":1,"featured_media":0,"parent":0,"menu_order":0,"comment_status":"closed","ping_status":"closed","template":"","meta":{"footnotes":""},"_links":{"self":[{"href":"https:\/\/essor93.org\/index.php\/wp-json\/wp\/v2\/pages\/13451"}],"collection":[{"href":"https:\/\/essor93.org\/index.php\/wp-json\/wp\/v2\/pages"}],"about":[{"href":"https:\/\/essor93.org\/index.php\/wp-json\/wp\/v2\/types\/page"}],"author":[{"embeddable":true,"href":"https:\/\/essor93.org\/index.php\/wp-json\/wp\/v2\/users\/1"}],"replies":[{"embeddable":true,"href":"https:\/\/essor93.org\/index.php\/wp-json\/wp\/v2\/comments?post=13451"}],"version-history":[{"count":44,"href":"https:\/\/essor93.org\/index.php\/wp-json\/wp\/v2\/pages\/13451\/revisions"}],"predecessor-version":[{"id":14423,"href":"https:\/\/essor93.org\/index.php\/wp-json\/wp\/v2\/pages\/13451\/revisions\/14423"}],"wp:attachment":[{"href":"https:\/\/essor93.org\/index.php\/wp-json\/wp\/v2\/media?parent=13451"}],"curies":[{"name":"wp","href":"https:\/\/api.w.org\/{rel}","templated":true}]}}