{"id":13516,"date":"2022-02-18T17:08:05","date_gmt":"2022-02-18T16:08:05","guid":{"rendered":"https:\/\/essor93.org\/?page_id=13516"},"modified":"2022-05-16T10:13:48","modified_gmt":"2022-05-16T08:13:48","slug":"qui-sommes-nous","status":"publish","type":"page","link":"https:\/\/essor93.org\/index.php\/qui-sommes-nous\/","title":{"rendered":"Qui sommes-nous?"},"content":{"rendered":"\t\t<div data-elementor-type=\"wp-page\" data-elementor-id=\"13516\" class=\"elementor elementor-13516\">\n\t\t\t\t\t\t\t\t\t<section class=\"elementor-section elementor-top-section elementor-element elementor-element-5ad5cc36 elementor-section-boxed elementor-section-height-default elementor-section-height-default\" data-id=\"5ad5cc36\" data-element_type=\"section\">\n\t\t\t\t\t\t<div class=\"elementor-container elementor-column-gap-default\">\n\t\t\t\t\t<div class=\"elementor-column elementor-col-100 elementor-top-column elementor-element elementor-element-57704538\" data-id=\"57704538\" data-element_type=\"column\">\n\t\t\t<div class=\"elementor-widget-wrap elementor-element-populated\">\n\t\t\t\t\t\t\t\t<div class=\"elementor-element elementor-element-6e0b8856 elementor-invisible elementor-widget elementor-widget-pix-sliding-text\" data-id=\"6e0b8856\" data-element_type=\"widget\" data-settings=\"{&quot;_animation&quot;:&quot;fadeInLeft&quot;}\" data-widget_type=\"pix-sliding-text.default\">\n\t\t\t\t<div class=\"elementor-widget-container\">\n\t\t\t<div id=\"sliding-text-51568111\" class=\"mb-3 text-center \"><h2 class=\"mb-32 pix-sliding-headline font-weight-bold secondary-font\" data-class=\"secondary-font text-primary\" data-style=\"\">Qui sommes-nous?<\/h2><\/div>\t\t<\/div>\n\t\t\t\t<\/div>\n\t\t\t\t<div class=\"elementor-element elementor-element-6d8b104c elementor-invisible elementor-widget elementor-widget-pix-text\" data-id=\"6d8b104c\" data-element_type=\"widget\" data-settings=\"{&quot;_animation&quot;:&quot;fadeInRight&quot;}\" data-widget_type=\"pix-text.default\">\n\t\t\t\t<div class=\"elementor-widget-container\">\n\t\t\t<div class=\"pix-el-text w-100 text-center \" ><div class=\"d-inline-block\" style=\"max-width:1000px;\"><p class=\"text-20  text-body-default text-center \" ><span class=\"animate-in d-inline-block\" data-anim-delay=\"200\" data-anim-type=\"fade-in-up\">L\u2019Association ESSOR 93 est ind\u00e9pendante, la\u00efque, apolitique, sans but lucratif. Elle est\nsoumise a\u0300 un ensemble de r\u00e9glementation et de l\u00e9gislation qu\u2019elle respecte scrupuleusement, mais elle apporte aussi son savoir-faire, son expertise, son diagnostic qui permet d\u2019affiner ses\npolitiques sociales.<br><br\/> Nos actions sont anim\u00e9es par des valeurs et des principes auxquelles nous entendons rester\nfid\u00e8les!<\/span><\/p><\/div><\/div>\t\t<\/div>\n\t\t\t\t<\/div>\n\t\t\t\t<div class=\"elementor-element elementor-element-57f23893 elementor-widget elementor-widget-pix-button\" data-id=\"57f23893\" data-element_type=\"widget\" data-widget_type=\"pix-button.default\">\n\t\t\t\t<div class=\"elementor-widget-container\">\n\t\t\t<a  href=\"https:\/\/essor93.org\/?page_id=13518&preview=true\" class=\"btn m-0     shadow-lg shadow-hover-lg btn-primary d-inline-block pix-hover-item       animate-in btn-lg\"   data-anim-type=\"fade-in-left\" data-anim-delay=\"1800\" ><i class=\"font-weight-bold pixicon-book-open-3  pix-hover-left  mr-1\"><\/i> <span class=\"font-weight-bold \" >Notre histoire<\/span><\/a>\t\t<\/div>\n\t\t\t\t<\/div>\n\t\t\t\t<div class=\"elementor-element elementor-element-50ce8614 elementor-invisible elementor-widget elementor-widget-pix-img\" data-id=\"50ce8614\" data-element_type=\"widget\" data-widget_type=\"pix-img.default\">\n\t\t\t\t<div class=\"elementor-widget-container\">\n\t\t\t<div class=\"d-inline-block \" ><div class=\"animate-in  d-inline-block\" data-anim-type=\"fade-in-up\" data-anim-delay=\"0\"><div class=\"pix-img-el    shadow-sm left d-inline-block  w-100 rounded-xl\"  ><img decoding=\"async\" loading=\"lazy\" class=\"card-img2 pix-img-elem rounded-xl  h-1002\" style=\"height:auto;\" width=\"1080\" height=\"1068\" srcset=\"https:\/\/essor93.org\/wp-content\/uploads\/2022\/04\/plaque-accueil-essor93-association-jeune.jpg 1080w, https:\/\/essor93.org\/wp-content\/uploads\/2022\/04\/plaque-accueil-essor93-association-jeune-300x297.jpg 300w, https:\/\/essor93.org\/wp-content\/uploads\/2022\/04\/plaque-accueil-essor93-association-jeune-1024x1013.jpg 1024w, https:\/\/essor93.org\/wp-content\/uploads\/2022\/04\/plaque-accueil-essor93-association-jeune-768x759.jpg 768w, https:\/\/essor93.org\/wp-content\/uploads\/2022\/04\/plaque-accueil-essor93-association-jeune-75x75.jpg 75w\" sizes=\"(max-width: 1080px) 100vw, 1080px\" src=\"https:\/\/essor93.org\/wp-content\/uploads\/2022\/04\/plaque-accueil-essor93-association-jeune.jpg\" alt=\"\" \/><\/div><\/div><\/div>\t\t<\/div>\n\t\t\t\t<\/div>\n\t\t\t\t<section class=\"elementor-section elementor-inner-section elementor-element elementor-element-5c2ec3b3 elementor-section-boxed elementor-section-height-default elementor-section-height-default\" data-id=\"5c2ec3b3\" data-element_type=\"section\">\n\t\t\t\t\t\t<div class=\"elementor-container elementor-column-gap-default\">\n\t\t\t\t\t<div class=\"elementor-column elementor-col-33 elementor-inner-column elementor-element elementor-element-230f538d\" data-id=\"230f538d\" data-element_type=\"column\">\n\t\t\t<div class=\"elementor-widget-wrap elementor-element-populated\">\n\t\t\t\t\t\t\t\t<div class=\"elementor-element elementor-element-1874d902 elementor-invisible elementor-widget elementor-widget-pix-feature\" data-id=\"1874d902\" data-element_type=\"widget\" data-widget_type=\"pix-feature.default\">\n\t\t\t\t<div class=\"elementor-widget-container\">\n\t\t\t<a href=\"https:\/\/essor93.org\/index.php\/actions-et-services\/\" ><div id=\"duo-icon-38647443\" class=\"media \"><div class=\"rounded-circle d-inline-block mr-3 feature_img bg-white animate-in\" data-anim-type=\"fade-in-up\" data-anim-delay=\"200\" style=\" width:64.8px;height:64.8px;position:relative;line-height:64.8px;text-align:center;\"><i style=\"display:inline-block;font-size:36px;line-height:36px;\" class=\"text-gradient-primary align-middle pixicon-note-search\"><\/i><\/div><div class=\"media-body text-left\"><h5 class=\"font-weight-bold   text-yellow animate-in \" style=\"padding-top:0px;\" data-anim-type=\"fade-in-up\" data-anim-delay=\"300\">Nos dispositifs<\/h5><div class=\"text-dark-opacity-7 text-18     animate-in\" style=\"padding-top:10px;\" data-anim-type=\"fade-in-up\" data-anim-delay=\"400\">Mission de service public et action au sein des dispositifs de protection de l\u2019enfance.<\/div><\/div><\/div><\/a>\t\t<\/div>\n\t\t\t\t<\/div>\n\t\t\t\t\t<\/div>\n\t\t<\/div>\n\t\t\t\t<div class=\"elementor-column elementor-col-33 elementor-inner-column elementor-element elementor-element-7428d486\" data-id=\"7428d486\" data-element_type=\"column\">\n\t\t\t<div class=\"elementor-widget-wrap elementor-element-populated\">\n\t\t\t\t\t\t\t\t<div class=\"elementor-element elementor-element-1bafaf69 elementor-invisible elementor-widget elementor-widget-pix-feature\" data-id=\"1bafaf69\" data-element_type=\"widget\" data-widget_type=\"pix-feature.default\">\n\t\t\t\t<div class=\"elementor-widget-container\">\n\t\t\t<a href=\"https:\/\/essor93.org\/?page_id=13514&preview=true\" ><div id=\"duo-icon-120745020\" class=\"media \"><div class=\"rounded-circle d-inline-block mr-3 feature_img bg-white animate-in\" data-anim-type=\"fade-in-up\" data-anim-delay=\"400\" style=\" width:64.8px;height:64.8px;position:relative;line-height:64.8px;text-align:center;\"><i style=\"display:inline-block;font-size:36px;line-height:36px;\" class=\"text-gradient-primary align-middle pixicon-user-male-search\"><\/i><\/div><div class=\"media-body text-left\"><h5 class=\"font-weight-bold   text-yellow animate-in \" style=\"padding-top:0px;\" data-anim-type=\"fade-in-up\" data-anim-delay=\"500\">Nos \u00e9quipes<\/h5><div class=\"text-dark-opacity-7 text-18     animate-in\" style=\"padding-top:10px;\" data-anim-type=\"fade-in-up\" data-anim-delay=\"600\">Toujours disponibles et \u00e0 l'\u00e9coute, engag\u00e9s pour vous accompagner !<\/div><\/div><\/div><\/a>\t\t<\/div>\n\t\t\t\t<\/div>\n\t\t\t\t\t<\/div>\n\t\t<\/div>\n\t\t\t\t<div class=\"elementor-column elementor-col-33 elementor-inner-column elementor-element elementor-element-4e6271eb\" data-id=\"4e6271eb\" data-element_type=\"column\">\n\t\t\t<div class=\"elementor-widget-wrap elementor-element-populated\">\n\t\t\t\t\t\t\t\t<div class=\"elementor-element elementor-element-3c5a5794 elementor-invisible elementor-widget elementor-widget-pix-feature\" data-id=\"3c5a5794\" data-element_type=\"widget\" data-widget_type=\"pix-feature.default\">\n\t\t\t\t<div class=\"elementor-widget-container\">\n\t\t\t<a href=\"https:\/\/essor93.org\/?page_id=13520&preview=true\" ><div id=\"duo-icon-14059371\" class=\"media \"><div class=\"rounded-circle d-inline-block mr-3 feature_img bg-white animate-in\" data-anim-type=\"fade-in-up\" data-anim-delay=\"600\" style=\" width:64.8px;height:64.8px;position:relative;line-height:64.8px;text-align:center;\"><i style=\"display:inline-block;font-size:36px;line-height:36px;\" class=\"text-gradient-primary align-middle pixicon-folder-download\"><\/i><\/div><div class=\"media-body text-left\"><h5 class=\"font-weight-bold   text-yellow animate-in \" style=\"padding-top:0px;\" data-anim-type=\"fade-in-up\" data-anim-delay=\"700\">Rapport d'activit\u00e9<\/h5><div class=\"text-dark-opacity-7 text-18     animate-in\" style=\"padding-top:10px;\" data-anim-type=\"fade-in-up\" data-anim-delay=\"800\">Nos rapport d'activit\u00e9 sont mis \u00e0 jour annuellement et t\u00e9l\u00e9chargeables.<\/div><\/div><\/div><\/a>\t\t<\/div>\n\t\t\t\t<\/div>\n\t\t\t\t\t<\/div>\n\t\t<\/div>\n\t\t\t\t\t\t\t<\/div>\n\t\t<\/section>\n\t\t\t\t\t<\/div>\n\t\t<\/div>\n\t\t\t\t\t\t\t<\/div>\n\t\t<\/section>\n\t\t\t\t<section class=\"elementor-section elementor-top-section elementor-element elementor-element-2c8e9cc elementor-section-stretched elementor-section-boxed elementor-section-height-default elementor-section-height-default\" data-id=\"2c8e9cc\" data-element_type=\"section\" data-settings=\"{&quot;stretch_section&quot;:&quot;section-stretched&quot;,&quot;background_background&quot;:&quot;gradient&quot;}\">\n\t\t\t\t\t\t<div class=\"elementor-container elementor-column-gap-default\">\n\t\t\t\t\t<div class=\"elementor-column elementor-col-50 elementor-top-column elementor-element elementor-element-44af8e0c\" data-id=\"44af8e0c\" data-element_type=\"column\">\n\t\t\t<div class=\"elementor-widget-wrap elementor-element-populated\">\n\t\t\t\t\t\t\t\t<div class=\"elementor-element elementor-element-260925d elementor-widget elementor-widget-heading\" data-id=\"260925d\" data-element_type=\"widget\" data-widget_type=\"heading.default\">\n\t\t\t\t<div class=\"elementor-widget-container\">\n\t\t\t<style>\/*! elementor - v3.16.0 - 17-10-2023 *\/\n.elementor-heading-title{padding:0;margin:0;line-height:1}.elementor-widget-heading .elementor-heading-title[class*=elementor-size-]>a{color:inherit;font-size:inherit;line-height:inherit}.elementor-widget-heading .elementor-heading-title.elementor-size-small{font-size:15px}.elementor-widget-heading .elementor-heading-title.elementor-size-medium{font-size:19px}.elementor-widget-heading .elementor-heading-title.elementor-size-large{font-size:29px}.elementor-widget-heading .elementor-heading-title.elementor-size-xl{font-size:39px}.elementor-widget-heading .elementor-heading-title.elementor-size-xxl{font-size:59px}<\/style><h4 class=\"elementor-heading-title elementor-size-default\">Nos fondements <\/h4>\t\t<\/div>\n\t\t\t\t<\/div>\n\t\t\t\t<section class=\"elementor-section elementor-inner-section elementor-element elementor-element-12ebc617 elementor-section-boxed elementor-section-height-default elementor-section-height-default\" data-id=\"12ebc617\" data-element_type=\"section\">\n\t\t\t\t\t\t<div class=\"elementor-container elementor-column-gap-default\">\n\t\t\t\t\t<div class=\"elementor-column elementor-col-100 elementor-inner-column elementor-element elementor-element-4933764e\" data-id=\"4933764e\" data-element_type=\"column\">\n\t\t\t<div class=\"elementor-widget-wrap elementor-element-populated\">\n\t\t\t\t\t\t\t\t<div class=\"elementor-element elementor-element-bca2747 elementor-invisible elementor-widget elementor-widget-pix-animated-heading\" data-id=\"bca2747\" data-element_type=\"widget\" data-widget_type=\"pix-animated-heading.default\">\n\t\t\t\t<div class=\"elementor-widget-container\">\n\t\t\t<div class=\"text-left \"><div><h6 class=\"pix-headline my-3  slide-inverse text-yellow font-weight-bold  secondary-font animate-in\" style=\"\" data-anim-type=\"fade-in-up\" data-anim-delay=\"200\" ><span>Notre association se r\u00e9f\u00e8re <\/span><span class=\"pix-words-wrapper\"><span class=\"is-visible \" >aux grands textes <\/span> <span class=\"\" > fondateurs <\/span> <span class=\"\" > de notre soci\u00e9t\u00e9\u0301:<\/span> <\/span><span><br> \u27a2 La d\u00e9claration universelle des droits de l\u2019homme ;<br\/> \u27a2 La convention internationale des droits de l\u2019enfant ;<br> \u27a2 La constitution de la R\u00e9publique et son pr\u00e9ambule.<br\/> <br><\/span><\/h6><\/div><\/div>\t\t<\/div>\n\t\t\t\t<\/div>\n\t\t\t\t<div class=\"elementor-element elementor-element-7d003bfc elementor-invisible elementor-widget elementor-widget-pix-text\" data-id=\"7d003bfc\" data-element_type=\"widget\" data-widget_type=\"pix-text.default\">\n\t\t\t\t<div class=\"elementor-widget-container\">\n\t\t\t<div class=\"pix-el-text w-100 text-left \" ><p class=\"   text-left \" ><span class=\"animate-in d-inline-block\" data-anim-delay=\"200\" data-anim-type=\"fade-in-up\">1. Le respect des personnes sans distinction ethnique, d\u2019origine, de sexe, de religion ou\nde philosophie et sociale ;<br>\n2. La lutte contre tous les replis<br\/> identitaires, ethniques, religieux, politiques,\ncommunautaires, moraux etc. ;<br>\n3. La d\u00e9fense des libert\u00e9s individuelles et des droits fondamentaux, (droit a\u0300 la libert\u00e9\u0301 de\npenser, droit a\u0300 l\u2019\u00e9ducation, droit a\u0300 la sant\u00e9, droit au travail, droit d\u2019agir dans le cadre des\nlois et r\u00e8glementations, entre autres) ;<br\/>\n4. Principe de La\u00efcit\u00e9 et obligation de neutralit\u00e9 : S\u2019agissant du personnel des\n\u00e9tablissements sanitaires et m\u00e9dico sociaux, le principe de la\u00efcit\u00e9 est compl\u00e9t\u00e9 par un\ndevoir de stricte neutralit\u00e9.<br><\/span><\/p><\/div>\t\t<\/div>\n\t\t\t\t<\/div>\n\t\t\t\t\t<\/div>\n\t\t<\/div>\n\t\t\t\t\t\t\t<\/div>\n\t\t<\/section>\n\t\t\t\t\t<\/div>\n\t\t<\/div>\n\t\t\t\t<div class=\"elementor-column elementor-col-50 elementor-top-column elementor-element elementor-element-6d20ccf9\" data-id=\"6d20ccf9\" data-element_type=\"column\">\n\t\t\t<div class=\"elementor-widget-wrap elementor-element-populated\">\n\t\t\t\t\t\t\t\t<div class=\"elementor-element elementor-element-16992522 elementor-invisible elementor-widget elementor-widget-pix-photo-stack\" data-id=\"16992522\" data-element_type=\"widget\" data-widget_type=\"pix-photo-stack.default\">\n\t\t\t\t<div class=\"elementor-widget-container\">\n\t\t\t<div class=\"pix-photo-stack pix-img-2 \"><div class=\"img-el\" ><div class=\"animate-in d-inline-block w-100\" data-anim-type=\"fade-in-up\" data-anim-delay=\"0\"><div class=\"tilt\"><img decoding=\"async\" width=\"606\" height=\"450\" class=\"pix-lazy rounded-lg shadow-lg shadow-hover-lg fly-sm d-inline-block\" loading=\"lazy\" data-srcset=\"https:\/\/essor93.org\/wp-content\/uploads\/2022\/04\/association-essor93-jeunes-300x223.jpg 300w, https:\/\/essor93.org\/wp-content\/uploads\/2022\/04\/association-essor93-jeunes.jpg 606w\" src=\"https:\/\/essor93.org\/wp-content\/plugins\/pixfort-core\/functions\/images\/loading.webp\" data-src=\"https:\/\/essor93.org\/wp-content\/uploads\/2022\/04\/association-essor93-jeunes.jpg\" alt=\"\" \/><\/div><\/div><\/div><div class=\"img-el\" ><div class=\"animate-in d-inline-block w-100\" data-anim-type=\"fade-in-up\" data-anim-delay=\"100\"><div class=\"tilt\"><img decoding=\"async\" width=\"450\" height=\"450\" class=\"pix-lazy rounded-lg shadow-lg shadow-hover-lg fly-sm d-inline-block\" loading=\"lazy\" data-srcset=\"https:\/\/essor93.org\/wp-content\/uploads\/2022\/04\/association-essor93-jeunes2-300x300.jpg 300w, https:\/\/essor93.org\/wp-content\/uploads\/2022\/04\/association-essor93-jeunes2-150x150.jpg 150w, https:\/\/essor93.org\/wp-content\/uploads\/2022\/04\/association-essor93-jeunes2-400x400.jpg 400w, https:\/\/essor93.org\/wp-content\/uploads\/2022\/04\/association-essor93-jeunes2-75x75.jpg 75w, https:\/\/essor93.org\/wp-content\/uploads\/2022\/04\/association-essor93-jeunes2.jpg 450w\" src=\"https:\/\/essor93.org\/wp-content\/plugins\/pixfort-core\/functions\/images\/loading.webp\" data-src=\"https:\/\/essor93.org\/wp-content\/uploads\/2022\/04\/association-essor93-jeunes2.jpg\" alt=\"\" \/><\/div><\/div><\/div><\/div>\t\t<\/div>\n\t\t\t\t<\/div>\n\t\t\t\t\t<\/div>\n\t\t<\/div>\n\t\t\t\t\t\t\t<\/div>\n\t\t<\/section>\n\t\t\t\t<section class=\"elementor-section elementor-top-section elementor-element elementor-element-fb94fb8 elementor-section-stretched elementor-section-boxed elementor-section-height-default elementor-section-height-default\" data-id=\"fb94fb8\" data-element_type=\"section\" data-settings=\"{&quot;stretch_section&quot;:&quot;section-stretched&quot;,&quot;background_background&quot;:&quot;gradient&quot;}\">\n\t\t\t\t\t\t<div class=\"elementor-container elementor-column-gap-default\">\n\t\t\t\t\t<div class=\"elementor-column elementor-col-50 elementor-top-column elementor-element elementor-element-5b07056\" data-id=\"5b07056\" data-element_type=\"column\">\n\t\t\t<div class=\"elementor-widget-wrap elementor-element-populated\">\n\t\t\t\t\t\t\t\t<div class=\"elementor-element elementor-element-8383991 elementor-invisible elementor-widget elementor-widget-pix-photo-stack\" data-id=\"8383991\" data-element_type=\"widget\" data-widget_type=\"pix-photo-stack.default\">\n\t\t\t\t<div class=\"elementor-widget-container\">\n\t\t\t<div class=\"pix-photo-stack pix-img-2 \"><div class=\"img-el\" ><div class=\"animate-in d-inline-block w-100\" data-anim-type=\"fade-in-up\" data-anim-delay=\"0\"><div class=\"tilt\"><img decoding=\"async\" width=\"450\" height=\"450\" class=\"pix-lazy rounded-lg shadow-lg shadow-hover-lg fly-sm d-inline-block\" loading=\"lazy\" data-srcset=\"https:\/\/essor93.org\/wp-content\/uploads\/2022\/04\/association-essor93-jeunes3-300x300.jpg 300w, https:\/\/essor93.org\/wp-content\/uploads\/2022\/04\/association-essor93-jeunes3-150x150.jpg 150w, https:\/\/essor93.org\/wp-content\/uploads\/2022\/04\/association-essor93-jeunes3-400x400.jpg 400w, https:\/\/essor93.org\/wp-content\/uploads\/2022\/04\/association-essor93-jeunes3-75x75.jpg 75w, https:\/\/essor93.org\/wp-content\/uploads\/2022\/04\/association-essor93-jeunes3.jpg 450w\" src=\"https:\/\/essor93.org\/wp-content\/plugins\/pixfort-core\/functions\/images\/loading.webp\" data-src=\"https:\/\/essor93.org\/wp-content\/uploads\/2022\/04\/association-essor93-jeunes3.jpg\" alt=\"\" \/><\/div><\/div><\/div><div class=\"img-el\" ><div class=\"animate-in d-inline-block w-100\" data-anim-type=\"fade-in-up\" data-anim-delay=\"100\"><div class=\"tilt\"><img decoding=\"async\" width=\"450\" height=\"450\" class=\"pix-lazy rounded-lg shadow-lg shadow-hover-lg fly-sm d-inline-block\" loading=\"lazy\" data-srcset=\"https:\/\/essor93.org\/wp-content\/uploads\/2022\/04\/association-essor93-jeunes4-300x300.jpg 300w, https:\/\/essor93.org\/wp-content\/uploads\/2022\/04\/association-essor93-jeunes4-150x150.jpg 150w, https:\/\/essor93.org\/wp-content\/uploads\/2022\/04\/association-essor93-jeunes4-400x400.jpg 400w, https:\/\/essor93.org\/wp-content\/uploads\/2022\/04\/association-essor93-jeunes4-75x75.jpg 75w, https:\/\/essor93.org\/wp-content\/uploads\/2022\/04\/association-essor93-jeunes4.jpg 450w\" src=\"https:\/\/essor93.org\/wp-content\/plugins\/pixfort-core\/functions\/images\/loading.webp\" data-src=\"https:\/\/essor93.org\/wp-content\/uploads\/2022\/04\/association-essor93-jeunes4.jpg\" alt=\"\" \/><\/div><\/div><\/div><\/div>\t\t<\/div>\n\t\t\t\t<\/div>\n\t\t\t\t\t<\/div>\n\t\t<\/div>\n\t\t\t\t<div class=\"elementor-column elementor-col-50 elementor-top-column elementor-element elementor-element-9b3b145\" data-id=\"9b3b145\" data-element_type=\"column\">\n\t\t\t<div class=\"elementor-widget-wrap elementor-element-populated\">\n\t\t\t\t\t\t\t\t<div class=\"elementor-element elementor-element-bacabdb elementor-widget elementor-widget-heading\" data-id=\"bacabdb\" data-element_type=\"widget\" data-widget_type=\"heading.default\">\n\t\t\t\t<div class=\"elementor-widget-container\">\n\t\t\t<h4 class=\"elementor-heading-title elementor-size-default\">Nos valeurs<\/h4>\t\t<\/div>\n\t\t\t\t<\/div>\n\t\t\t\t<section class=\"elementor-section elementor-inner-section elementor-element elementor-element-6067fa8 elementor-section-boxed elementor-section-height-default elementor-section-height-default\" data-id=\"6067fa8\" data-element_type=\"section\">\n\t\t\t\t\t\t<div class=\"elementor-container elementor-column-gap-default\">\n\t\t\t\t\t<div class=\"elementor-column elementor-col-100 elementor-inner-column elementor-element elementor-element-b7066ad\" data-id=\"b7066ad\" data-element_type=\"column\">\n\t\t\t<div class=\"elementor-widget-wrap elementor-element-populated\">\n\t\t\t\t\t\t\t\t<div class=\"elementor-element elementor-element-548526b elementor-invisible elementor-widget elementor-widget-pix-text\" data-id=\"548526b\" data-element_type=\"widget\" data-widget_type=\"pix-text.default\">\n\t\t\t\t<div class=\"elementor-widget-container\">\n\t\t\t<div class=\"pix-el-text w-100 text-left \" ><p class=\"   text-left \" ><span class=\"animate-in d-inline-block\" data-anim-delay=\"200\" data-anim-type=\"fade-in-up\">1-  D\u2019assurer un accompagnement \u00e9quitable<br\/>\n2-  Les personnes accompagn\u00e9es, sont consid\u00e9r\u00e9es comme sujet et acteur de leur devenir.\nIls participent \u00e0 leur prise en charge et a\u0300 la vie associative, \u2026\u2026<br>\n3-  L\u2019attachement aux valeurs de fraternit\u00e9\u0301, de solidarit\u00e9\u0301 et d\u2019entraide comme vecteur de\nmieux vivre ensemble ;<br\/>\n4-  Un esprit et un mode de relation bas\u00e9s sur des \u00e9changes constructifs ;<br>\n5-  De prendre en compte la personne en tant qu\u2019individu et d\u2019adapter l\u2019accompagnement\n\u00e0 sa singularit\u00e9 ;<br\/>\n6-  Le droit a\u0300 l\u2019oubli<br>\n7-  \u0152uvrer pour l\u2019\u00e9mancipation en apportant tous les \u00e9l\u00e9ments d\u2019informations permettant\naux personnes accompagn\u00e9es de faire un choix \u00e9clair\u00e9.<br\/>\n8-  S\u2019assurer de la compr\u00e9hension et de la maitrise des connaissances transmises\naux personnes accompagn\u00e9es<br>\n9-  D\u00e9velopper une culture de la d\u00e9termination et sans cesse s\u2019am\u00e9liorer<br\/>\n10-  Favoriser la qu\u00eate d\u2019identit\u00e9 sur le principe que savoir d\u2019ou\u0300 l\u2019on vient permet de savoir\nou\u0300 l\u2019on va<br>\n11-  Qu\u00eate d\u2019un statut de citoyen<br\/>\n12-  Partager les regards et les comp\u00e9tences avec les autres acteurs engag\u00e9s dans la\nsituation<br><\/span><\/p><\/div>\t\t<\/div>\n\t\t\t\t<\/div>\n\t\t\t\t\t<\/div>\n\t\t<\/div>\n\t\t\t\t\t\t\t<\/div>\n\t\t<\/section>\n\t\t\t\t\t<\/div>\n\t\t<\/div>\n\t\t\t\t\t\t\t<\/div>\n\t\t<\/section>\n\t\t\t\t\t\t\t<\/div>\n\t\t","protected":false},"excerpt":{"rendered":"<p>Qui sommes-nous? L\u2019Association ESSOR 93 est ind\u00e9pendante, la\u00efque, apolitique, sans but lucratif. Elle est soumise a\u0300 un ensemble de r\u00e9glementation et de l\u00e9gislation qu\u2019elle respecte scrupuleusement, mais elle apporte aussi son savoir-faire, son expertise, son diagnostic qui permet d\u2019affiner ses&#8230;<\/p>\n","protected":false},"author":1,"featured_media":0,"parent":0,"menu_order":0,"comment_status":"closed","ping_status":"closed","template":"","meta":{"footnotes":""},"_links":{"self":[{"href":"https:\/\/essor93.org\/index.php\/wp-json\/wp\/v2\/pages\/13516"}],"collection":[{"href":"https:\/\/essor93.org\/index.php\/wp-json\/wp\/v2\/pages"}],"about":[{"href":"https:\/\/essor93.org\/index.php\/wp-json\/wp\/v2\/types\/page"}],"author":[{"embeddable":true,"href":"https:\/\/essor93.org\/index.php\/wp-json\/wp\/v2\/users\/1"}],"replies":[{"embeddable":true,"href":"https:\/\/essor93.org\/index.php\/wp-json\/wp\/v2\/comments?post=13516"}],"version-history":[{"count":43,"href":"https:\/\/essor93.org\/index.php\/wp-json\/wp\/v2\/pages\/13516\/revisions"}],"predecessor-version":[{"id":14669,"href":"https:\/\/essor93.org\/index.php\/wp-json\/wp\/v2\/pages\/13516\/revisions\/14669"}],"wp:attachment":[{"href":"https:\/\/essor93.org\/index.php\/wp-json\/wp\/v2\/media?parent=13516"}],"curies":[{"name":"wp","href":"https:\/\/api.w.org\/{rel}","templated":true}]}}