{"id":13520,"date":"2022-02-18T17:10:06","date_gmt":"2022-02-18T16:10:06","guid":{"rendered":"https:\/\/essor93.org\/?page_id=13520"},"modified":"2025-07-17T12:17:55","modified_gmt":"2025-07-17T10:17:55","slug":"nos-rapports-dactivites","status":"publish","type":"page","link":"https:\/\/essor93.org\/index.php\/nos-rapports-dactivites\/","title":{"rendered":"Nos rapports d&rsquo;activit\u00e9s"},"content":{"rendered":"\t\t<div data-elementor-type=\"wp-page\" data-elementor-id=\"13520\" class=\"elementor elementor-13520\">\n\t\t\t\t\t\t\t\t\t<section class=\"elementor-section elementor-top-section elementor-element elementor-element-39bc6a1e elementor-section-boxed elementor-section-height-default elementor-section-height-default\" data-id=\"39bc6a1e\" data-element_type=\"section\">\n\t\t\t\t\t\t<div class=\"elementor-container elementor-column-gap-default\">\n\t\t\t\t\t<div class=\"elementor-column elementor-col-100 elementor-top-column elementor-element elementor-element-6ecbb12d\" data-id=\"6ecbb12d\" data-element_type=\"column\">\n\t\t\t<div class=\"elementor-widget-wrap elementor-element-populated\">\n\t\t\t\t\t\t\t\t<div class=\"elementor-element elementor-element-31882471 elementor-widget elementor-widget-pix-sliding-text\" data-id=\"31882471\" data-element_type=\"widget\" data-widget_type=\"pix-sliding-text.default\">\n\t\t\t\t<div class=\"elementor-widget-container\">\n\t\t\t<div id=\"sliding-text-32160629\" class=\"mb-3 text-center \"><div class=\"d-inline-block\" style=\"max-width:800px;\"><h3 class=\"mb-32 pix-sliding-headline font-weight-bold secondary-font\" data-class=\"secondary-font text-primary\" data-style=\"\">Rapports d'activit\u00e9s Essor93<\/h3><\/div><\/div>\t\t<\/div>\n\t\t\t\t<\/div>\n\t\t\t\t<div class=\"elementor-element elementor-element-45e2e61 elementor-invisible elementor-widget elementor-widget-pix-text\" data-id=\"45e2e61\" data-element_type=\"widget\" data-widget_type=\"pix-text.default\">\n\t\t\t\t<div class=\"elementor-widget-container\">\n\t\t\t<div class=\"pix-el-text w-100 text-center \" ><div class=\"d-inline-block\" style=\"max-width:600px;\"><p class=\"  text-dark-opacity-7 text-center \" ><span class=\"animate-in d-inline-block\" data-anim-delay=\"1000\" data-anim-type=\"fade-in-up\">Vous trouverez ci-joint nos derniers rapports d'activit\u00e9s en version t\u00e9l\u00e9chargeable .<\/span><\/p><\/div><\/div>\t\t<\/div>\n\t\t\t\t<\/div>\n\t\t\t\t<section class=\"elementor-section elementor-inner-section elementor-element elementor-element-2cb216ab elementor-section-boxed elementor-section-height-default elementor-section-height-default\" data-id=\"2cb216ab\" data-element_type=\"section\">\n\t\t\t\t\t\t<div class=\"elementor-container elementor-column-gap-default\">\n\t\t\t\t\t<div class=\"elementor-column elementor-col-33 elementor-inner-column elementor-element elementor-element-17bb6f82\" data-id=\"17bb6f82\" data-element_type=\"column\">\n\t\t\t<div class=\"elementor-widget-wrap elementor-element-populated\">\n\t\t\t\t\t\t\t\t<div class=\"elementor-element elementor-element-6bdea59a elementor-invisible elementor-widget elementor-widget-pix-photo-box\" data-id=\"6bdea59a\" data-element_type=\"widget\" data-widget_type=\"pix-photo-box.default\">\n\t\t\t\t<div class=\"elementor-widget-container\">\n\t\t\t<div class=\"animate-in d-inline-block w-100\" data-anim-type=\"fade-in-up\" data-anim-delay=\"400\"><div class=\"card w-100 h-100 bg-heading-default bg-transparent  text-left w-100 d-inline-block pix-hover-item rounded-lg position-relative overflow-hidden text-white\" ><img decoding=\"async\" src=\"https:\/\/essor93.org\/wp-content\/plugins\/pixfort-core\/functions\/images\/loading.webp\" data-srcset=\"\" data-src=\"https:\/\/essor93.org\/wp-content\/uploads\/2025\/07\/RA-2024.png\" class=\"pix-lazy card-img pix-bg-image h-100 pix-img-scale pix-opacity-10 \" loading=\"lazy\" alt=\"T\u00e9l\u00e9charger maintenant\"><a href=\"file:\/\/\/V:\/SECRETARIAT\/COMMUNICATION\/ESSOR\/Assemble%20G%C3%A9n%C3%A9rale%20et%20C%20A\/AG%2028%2006%2025\/RA%202024%20ESSOR%2093.pdf\" target=\"_blank\" class=\"card-img-overlay2 d-inline-block w-100 pix-img-overlay pix-p-10 d-flex align-items-end\" style=\"min-height:450px;\"><div class=\"w-100\"><div class=\"card-content-box pix-p-20 rounded-lg w-100 shadow  bg-white d-flex justify-content-between align-items-center\"><h6 class=\"card-title font-weight-bold  text-heading-default m-0 w-100\" style=\"\">T\u00e9l\u00e9charger maintenant<\/h6><h6 class=\"pixicon-angle-right text-heading-default font-weight-bold\" style=\"\"><\/h6><\/div><\/div><\/a><\/div><\/div>\t\t<\/div>\n\t\t\t\t<\/div>\n\t\t\t\t\t<\/div>\n\t\t<\/div>\n\t\t\t\t<div class=\"elementor-column elementor-col-33 elementor-inner-column elementor-element elementor-element-6d072f32\" data-id=\"6d072f32\" data-element_type=\"column\">\n\t\t\t<div class=\"elementor-widget-wrap elementor-element-populated\">\n\t\t\t\t\t\t\t\t<div class=\"elementor-element elementor-element-411d4e4f elementor-invisible elementor-widget elementor-widget-pix-photo-box\" data-id=\"411d4e4f\" data-element_type=\"widget\" data-widget_type=\"pix-photo-box.default\">\n\t\t\t\t<div class=\"elementor-widget-container\">\n\t\t\t<div class=\"animate-in d-inline-block w-100\" data-anim-type=\"fade-in-up\" data-anim-delay=\"600\"><div class=\"card w-100 h-100 bg-heading-default bg-transparent  text-left w-100 d-inline-block pix-hover-item rounded-lg position-relative overflow-hidden text-white\" ><img decoding=\"async\" src=\"https:\/\/essor93.org\/wp-content\/plugins\/pixfort-core\/functions\/images\/loading.webp\" data-srcset=\"https:\/\/essor93.org\/wp-content\/uploads\/2025\/07\/RA-2023-300x221.png 300w, https:\/\/essor93.org\/wp-content\/uploads\/2025\/07\/RA-2023.png 321w\" data-src=\"https:\/\/essor93.org\/wp-content\/uploads\/2025\/07\/RA-2023.png\" class=\"pix-lazy card-img pix-bg-image h-100 pix-img-scale pix-opacity-10 \" loading=\"lazy\" alt=\"T\u00e9l\u00e9charger maintenant\"><a href=\"https:\/\/essor93.org\/wp-content\/uploads\/2023\/11\/RA-2022-1.pdf\" target=\"_blank\" class=\"card-img-overlay2 d-inline-block w-100 pix-img-overlay pix-p-10 d-flex align-items-end\" style=\"min-height:450px;\"><div class=\"w-100\"><div class=\"card-content-box pix-p-20 rounded-lg w-100 shadow  bg-white d-flex justify-content-between align-items-center\"><h6 class=\"card-title font-weight-bold  text-heading-default m-0 w-100\" style=\"\">T\u00e9l\u00e9charger maintenant<\/h6><h6 class=\"pixicon-angle-right text-heading-default font-weight-bold\" style=\"\"><\/h6><\/div><\/div><\/a><\/div><\/div>\t\t<\/div>\n\t\t\t\t<\/div>\n\t\t\t\t\t<\/div>\n\t\t<\/div>\n\t\t\t\t<div class=\"elementor-column elementor-col-33 elementor-inner-column elementor-element elementor-element-a63d855\" data-id=\"a63d855\" data-element_type=\"column\">\n\t\t\t<div class=\"elementor-widget-wrap elementor-element-populated\">\n\t\t\t\t\t\t\t\t<div class=\"elementor-element elementor-element-43df05b elementor-invisible elementor-widget elementor-widget-pix-photo-box\" data-id=\"43df05b\" data-element_type=\"widget\" data-widget_type=\"pix-photo-box.default\">\n\t\t\t\t<div class=\"elementor-widget-container\">\n\t\t\t<div class=\"animate-in d-inline-block w-100\" data-anim-type=\"fade-in-up\" data-anim-delay=\"600\"><div class=\"card w-100 h-100 bg-heading-default bg-transparent  text-left w-100 d-inline-block pix-hover-item rounded-lg position-relative overflow-hidden text-white\" ><img decoding=\"async\" src=\"https:\/\/essor93.org\/wp-content\/plugins\/pixfort-core\/functions\/images\/loading.webp\" data-srcset=\"\" data-src=\"https:\/\/essor93.org\/wp-content\/uploads\/2025\/07\/RA-2022.png\" class=\"pix-lazy card-img pix-bg-image h-100 pix-img-scale pix-opacity-10 \" loading=\"lazy\" alt=\"T\u00e9l\u00e9charger maintenant\"><a href=\"https:\/\/essor93.org\/wp-content\/uploads\/2023\/11\/RA-2022-1.pdf\" target=\"_blank\" class=\"card-img-overlay2 d-inline-block w-100 pix-img-overlay pix-p-10 d-flex align-items-end\" style=\"min-height:450px;\"><div class=\"w-100\"><div class=\"card-content-box pix-p-20 rounded-lg w-100 shadow  bg-white d-flex justify-content-between align-items-center\"><h6 class=\"card-title font-weight-bold  text-heading-default m-0 w-100\" style=\"\">T\u00e9l\u00e9charger maintenant<\/h6><h6 class=\"pixicon-angle-right text-heading-default font-weight-bold\" style=\"\"><\/h6><\/div><\/div><\/a><\/div><\/div>\t\t<\/div>\n\t\t\t\t<\/div>\n\t\t\t\t\t<\/div>\n\t\t<\/div>\n\t\t\t\t\t\t\t<\/div>\n\t\t<\/section>\n\t\t\t\t\t<\/div>\n\t\t<\/div>\n\t\t\t\t\t\t\t<\/div>\n\t\t<\/section>\n\t\t\t\t\t\t\t<\/div>\n\t\t","protected":false},"excerpt":{"rendered":"<p>Rapports d&rsquo;activit\u00e9s Essor93 Vous trouverez ci-joint nos derniers rapports d&rsquo;activit\u00e9s en version t\u00e9l\u00e9chargeable . T\u00e9l\u00e9charger maintenant T\u00e9l\u00e9charger maintenant T\u00e9l\u00e9charger maintenant<\/p>\n","protected":false},"author":1,"featured_media":0,"parent":0,"menu_order":0,"comment_status":"closed","ping_status":"closed","template":"","meta":{"footnotes":""},"_links":{"self":[{"href":"https:\/\/essor93.org\/index.php\/wp-json\/wp\/v2\/pages\/13520"}],"collection":[{"href":"https:\/\/essor93.org\/index.php\/wp-json\/wp\/v2\/pages"}],"about":[{"href":"https:\/\/essor93.org\/index.php\/wp-json\/wp\/v2\/types\/page"}],"author":[{"embeddable":true,"href":"https:\/\/essor93.org\/index.php\/wp-json\/wp\/v2\/users\/1"}],"replies":[{"embeddable":true,"href":"https:\/\/essor93.org\/index.php\/wp-json\/wp\/v2\/comments?post=13520"}],"version-history":[{"count":108,"href":"https:\/\/essor93.org\/index.php\/wp-json\/wp\/v2\/pages\/13520\/revisions"}],"predecessor-version":[{"id":15251,"href":"https:\/\/essor93.org\/index.php\/wp-json\/wp\/v2\/pages\/13520\/revisions\/15251"}],"wp:attachment":[{"href":"https:\/\/essor93.org\/index.php\/wp-json\/wp\/v2\/media?parent=13520"}],"curies":[{"name":"wp","href":"https:\/\/api.w.org\/{rel}","templated":true}]}}