{"id":13527,"date":"2022-02-18T17:13:06","date_gmt":"2022-02-18T16:13:06","guid":{"rendered":"https:\/\/essor93.org\/?page_id=13527"},"modified":"2022-05-06T15:33:27","modified_gmt":"2022-05-06T13:33:27","slug":"pratiques","status":"publish","type":"page","link":"https:\/\/essor93.org\/index.php\/pratiques\/","title":{"rendered":"Pratiques"},"content":{"rendered":"\t\t<div data-elementor-type=\"wp-page\" data-elementor-id=\"13527\" class=\"elementor elementor-13527\">\n\t\t\t\t\t\t\t\t\t<section class=\"elementor-section elementor-top-section elementor-element elementor-element-6966a694 elementor-section-boxed elementor-section-height-default elementor-section-height-default\" data-id=\"6966a694\" data-element_type=\"section\">\n\t\t\t\t\t\t<div class=\"elementor-container elementor-column-gap-default\">\n\t\t\t\t\t<div class=\"elementor-column elementor-col-100 elementor-top-column elementor-element elementor-element-2cf6ab57\" data-id=\"2cf6ab57\" data-element_type=\"column\">\n\t\t\t<div class=\"elementor-widget-wrap elementor-element-populated\">\n\t\t\t\t\t\t\t\t<div class=\"elementor-element elementor-element-87479e3 elementor-widget elementor-widget-pix-sliding-text\" data-id=\"87479e3\" data-element_type=\"widget\" data-widget_type=\"pix-sliding-text.default\">\n\t\t\t\t<div class=\"elementor-widget-container\">\n\t\t\t<div id=\"sliding-text-114098053\" class=\"mb-3 text-center \"><div class=\"d-inline-block\" style=\"max-width:800px;\"><h4 class=\"mb-32 pix-sliding-headline font-weight-bold secondary-font\" data-class=\"secondary-font text-gradient-primary\" data-style=\"\">Quelques conseils pour am\u00e9liorer votre quotidien!<\/h4><\/div><\/div>\t\t<\/div>\n\t\t\t\t<\/div>\n\t\t\t\t<div class=\"elementor-element elementor-element-31fe9dec elementor-invisible elementor-widget elementor-widget-pix-text\" data-id=\"31fe9dec\" data-element_type=\"widget\" data-widget_type=\"pix-text.default\">\n\t\t\t\t<div class=\"elementor-widget-container\">\n\t\t\t<div class=\"pix-el-text w-100 text-left \" ><div class=\"d-inline-block\" style=\"max-width:600px;\"><p class=\"text-20  text-primary text-left \" ><span class=\"animate-in d-inline-block\" data-anim-delay=\"1000\" data-anim-type=\"fade-in-up\">Ici , Essor93 vous propose de t\u00e9l\u00e9charger gratuitement des documents qui vous seront utiles et qui pourrait am\u00e9liorer votre quotidien comme un guide reprenant chaque \u00e9tapes essentielles pour votre parcours logement, des recettes de cuisine, les gestes d'hygi\u00e8ne et de propret\u00e9 \u00e0 respecter face au covid-19...<\/span><\/p><\/div><\/div>\t\t<\/div>\n\t\t\t\t<\/div>\n\t\t\t\t<div class=\"elementor-element elementor-element-fcc8394 elementor-widget elementor-widget-image\" data-id=\"fcc8394\" data-element_type=\"widget\" data-widget_type=\"image.default\">\n\t\t\t\t<div class=\"elementor-widget-container\">\n\t\t\t<style>\/*! elementor - v3.16.0 - 17-10-2023 *\/\n.elementor-widget-image{text-align:center}.elementor-widget-image a{display:inline-block}.elementor-widget-image a img[src$=\".svg\"]{width:48px}.elementor-widget-image img{vertical-align:middle;display:inline-block}<\/style>\t\t\t\t\t\t\t\t\t\t\t\t<img decoding=\"async\" loading=\"lazy\" width=\"300\" height=\"225\" src=\"https:\/\/essor93.org\/wp-content\/uploads\/2022\/05\/bonheur-conseil-pratique-essor93-asso-sociale.jpg\" class=\"attachment-medium size-medium wp-image-14591\" alt=\"\" \/>\t\t\t\t\t\t\t\t\t\t\t\t\t\t\t<\/div>\n\t\t\t\t<\/div>\n\t\t\t\t<div class=\"elementor-element elementor-element-580546f elementor-invisible elementor-widget elementor-widget-pix-text\" data-id=\"580546f\" data-element_type=\"widget\" data-widget_type=\"pix-text.default\">\n\t\t\t\t<div class=\"elementor-widget-container\">\n\t\t\t<div class=\"pix-el-text w-100 text-right \" ><div class=\"d-inline-block\" style=\"max-width:600px;\"><p class=\"text-20  text-primary text-right \" ><span class=\"animate-in d-inline-block\" data-anim-delay=\"1000\" data-anim-type=\"fade-in-up\">Nous t\u00e2cherons d'ajouter r\u00e9guli\u00e8rement de nouveaux documents qui pourraient vous \u00eatre utiles tout au long de votre parcours. Si vous souhaitez partager des conseils, des astuces, des recettes de cuisine, des recettes de produit cosm\u00e9tique ou de produit d'entretien ou tout autre chose, vous pouvez nous les adressez via la rubrique \" Vos id\u00e9es\", une fois valid\u00e9, nous nous ferons un plaisir de les partager.<\/span><\/p><\/div><\/div>\t\t<\/div>\n\t\t\t\t<\/div>\n\t\t\t\t\t<\/div>\n\t\t<\/div>\n\t\t\t\t\t\t\t<\/div>\n\t\t<\/section>\n\t\t\t\t<section class=\"elementor-section elementor-top-section elementor-element elementor-element-5345529e elementor-section-boxed elementor-section-height-default elementor-section-height-default\" data-id=\"5345529e\" data-element_type=\"section\">\n\t\t\t\t\t\t<div class=\"elementor-container elementor-column-gap-default\">\n\t\t\t\t\t<div class=\"elementor-column elementor-col-100 elementor-top-column elementor-element elementor-element-43f967\" data-id=\"43f967\" data-element_type=\"column\">\n\t\t\t<div class=\"elementor-widget-wrap elementor-element-populated\">\n\t\t\t\t\t\t\t\t<div class=\"elementor-element elementor-element-785b19d5 elementor-invisible elementor-widget elementor-widget-pix-text\" data-id=\"785b19d5\" data-element_type=\"widget\" data-widget_type=\"pix-text.default\">\n\t\t\t\t<div class=\"elementor-widget-container\">\n\t\t\t<div class=\"pix-el-text w-100 text-center \" ><div class=\"d-inline-block\" style=\"max-width:600px;\"><p class=\"text-20  text-dark-opacity-6 text-center font-weight-bold\" ><span class=\"animate-in d-inline-block\" data-anim-delay=\"1000\" data-anim-type=\"fade-in-up\">C'est facile! Cliquez et t\u00e9l\u00e9chargez !<\/span><\/p><\/div><\/div>\t\t<\/div>\n\t\t\t\t<\/div>\n\t\t\t\t<section class=\"elementor-section elementor-inner-section elementor-element elementor-element-1aa4a5ba elementor-section-boxed elementor-section-height-default elementor-section-height-default\" data-id=\"1aa4a5ba\" data-element_type=\"section\">\n\t\t\t\t\t\t<div class=\"elementor-container elementor-column-gap-default\">\n\t\t\t\t\t<div class=\"elementor-column elementor-col-25 elementor-inner-column elementor-element elementor-element-de83bd8\" data-id=\"de83bd8\" data-element_type=\"column\">\n\t\t\t<div class=\"elementor-widget-wrap elementor-element-populated\">\n\t\t\t\t\t\t\t\t<div class=\"elementor-element elementor-element-554c1a2b elementor-invisible elementor-widget elementor-widget-pix-photo-box\" data-id=\"554c1a2b\" data-element_type=\"widget\" data-widget_type=\"pix-photo-box.default\">\n\t\t\t\t<div class=\"elementor-widget-container\">\n\t\t\t<div class=\"animate-in d-inline-block w-100\" data-anim-type=\"fade-in-up\" data-anim-delay=\"400\"><div class=\"card w-100 h-100 bg-heading-default bg-transparent  text-left w-100 d-inline-block pix-hover-item rounded-lg position-relative overflow-hidden text-white\" ><img decoding=\"async\" src=\"https:\/\/essor93.org\/wp-content\/plugins\/pixfort-core\/functions\/images\/loading.webp\" data-srcset=\"https:\/\/essor93.org\/wp-content\/uploads\/2022\/05\/asso-sociale-recettes-cuisine-essor93-pratique-300x200.jpg 300w, https:\/\/essor93.org\/wp-content\/uploads\/2022\/05\/asso-sociale-recettes-cuisine-essor93-pratique.jpg 500w\" data-src=\"https:\/\/essor93.org\/wp-content\/uploads\/2022\/05\/asso-sociale-recettes-cuisine-essor93-pratique.jpg\" class=\"pix-lazy card-img pix-bg-image h-100 pix-img-scale pix-opacity-10 \" loading=\"lazy\" alt=\"Recettes de cuisine\"><a href=\"https:\/\/essor93.org\/index.php\/nos-recettes-de-cuisine\/\" target=\"_blank\" class=\"card-img-overlay2 d-inline-block w-100 pix-img-overlay pix-p-10 d-flex align-items-end\" style=\"min-height:450px;\"><div class=\"w-100\"><div class=\"card-content-box pix-p-20 rounded-lg w-100 shadow  bg-white d-flex justify-content-between align-items-center\"><h6 class=\"card-title font-weight-bold  text-heading-default m-0 w-100\" style=\"\">Recettes de cuisine<\/h6><h6 class=\"pixicon-angle-right text-heading-default font-weight-bold\" style=\"\"><\/h6><\/div><\/div><\/a><\/div><\/div>\t\t<\/div>\n\t\t\t\t<\/div>\n\t\t\t\t\t<\/div>\n\t\t<\/div>\n\t\t\t\t<div class=\"elementor-column elementor-col-25 elementor-inner-column elementor-element elementor-element-751b430\" data-id=\"751b430\" data-element_type=\"column\">\n\t\t\t<div class=\"elementor-widget-wrap elementor-element-populated\">\n\t\t\t\t\t\t\t\t<div class=\"elementor-element elementor-element-2e3583d5 elementor-invisible elementor-widget elementor-widget-pix-photo-box\" data-id=\"2e3583d5\" data-element_type=\"widget\" data-widget_type=\"pix-photo-box.default\">\n\t\t\t\t<div class=\"elementor-widget-container\">\n\t\t\t<div class=\"animate-in d-inline-block w-100\" data-anim-type=\"fade-in-up\" data-anim-delay=\"600\"><div class=\"card w-100 h-100 bg-heading-default bg-transparent  text-left w-100 d-inline-block pix-hover-item rounded-lg position-relative overflow-hidden text-white\" ><img decoding=\"async\" src=\"https:\/\/essor93.org\/wp-content\/plugins\/pixfort-core\/functions\/images\/loading.webp\" data-srcset=\"https:\/\/essor93.org\/wp-content\/uploads\/2022\/05\/Gestes-barrieres-covid19-essor93-asso-sociale-3-300x290.jpg 300w, https:\/\/essor93.org\/wp-content\/uploads\/2022\/05\/Gestes-barrieres-covid19-essor93-asso-sociale-3.jpg 344w\" data-src=\"https:\/\/essor93.org\/wp-content\/uploads\/2022\/05\/Gestes-barrieres-covid19-essor93-asso-sociale-3.jpg\" class=\"pix-lazy card-img pix-bg-image h-100 pix-img-scale pix-opacity-10 \" loading=\"lazy\" alt=\"Gestes propret\u00e9\/hygi\u00e8ne Covid-19\"><a href=\"https:\/\/essor93.org\/wp-content\/uploads\/2022\/04\/gestes-proprete-et-hygiene-covid-19-essor93-social-jeune.pdf\" target=\"_blank\" class=\"card-img-overlay2 d-inline-block w-100 pix-img-overlay pix-p-10 d-flex align-items-end\" style=\"min-height:450px;\"><div class=\"w-100\"><div class=\"card-content-box pix-p-20 rounded-lg w-100 shadow  bg-white d-flex justify-content-between align-items-center\"><h6 class=\"card-title font-weight-bold  text-heading-default m-0 w-100\" style=\"\">Gestes propret\u00e9\/hygi\u00e8ne Covid-19<\/h6><h6 class=\"pixicon-angle-right text-heading-default font-weight-bold\" style=\"\"><\/h6><\/div><\/div><\/a><\/div><\/div>\t\t<\/div>\n\t\t\t\t<\/div>\n\t\t\t\t\t<\/div>\n\t\t<\/div>\n\t\t\t\t<div class=\"elementor-column elementor-col-25 elementor-inner-column elementor-element elementor-element-4658363\" data-id=\"4658363\" data-element_type=\"column\">\n\t\t\t<div class=\"elementor-widget-wrap elementor-element-populated\">\n\t\t\t\t\t\t\t\t<div class=\"elementor-element elementor-element-6a9a450 elementor-invisible elementor-widget elementor-widget-pix-photo-box\" data-id=\"6a9a450\" data-element_type=\"widget\" data-widget_type=\"pix-photo-box.default\">\n\t\t\t\t<div class=\"elementor-widget-container\">\n\t\t\t<div class=\"animate-in d-inline-block w-100\" data-anim-type=\"fade-in-up\" data-anim-delay=\"400\"><div class=\"card w-100 h-100 bg-heading-default bg-transparent  text-left w-100 d-inline-block pix-hover-item rounded-lg position-relative overflow-hidden text-white\" ><img decoding=\"async\" src=\"https:\/\/essor93.org\/wp-content\/plugins\/pixfort-core\/functions\/images\/loading.webp\" data-srcset=\"https:\/\/essor93.org\/wp-content\/uploads\/2022\/05\/fabrication-produits-cosmetique-essor93-asso-sociale-300x199.jpg 300w, https:\/\/essor93.org\/wp-content\/uploads\/2022\/05\/fabrication-produits-cosmetique-essor93-asso-sociale.jpg 500w\" data-src=\"https:\/\/essor93.org\/wp-content\/uploads\/2022\/05\/fabrication-produits-cosmetique-essor93-asso-sociale.jpg\" class=\"pix-lazy card-img pix-bg-image h-100 pix-img-scale pix-opacity-10 \" loading=\"lazy\" alt=\"Fabrication cosm\u00e9tique maison\"><a href=\"https:\/\/essor93.org\/wp-content\/uploads\/2022\/04\/Livret-cosmetique-au-naturel.pdf\" target=\"_blank\" class=\"card-img-overlay2 d-inline-block w-100 pix-img-overlay pix-p-10 d-flex align-items-end\" style=\"min-height:450px;\"><div class=\"w-100\"><div class=\"card-content-box pix-p-20 rounded-lg w-100 shadow  bg-white d-flex justify-content-between align-items-center\"><h6 class=\"card-title font-weight-bold  text-heading-default m-0 w-100\" style=\"\">Fabrication cosm\u00e9tique maison<\/h6><h6 class=\"pixicon-angle-right text-heading-default font-weight-bold\" style=\"\"><\/h6><\/div><\/div><\/a><\/div><\/div>\t\t<\/div>\n\t\t\t\t<\/div>\n\t\t\t\t\t<\/div>\n\t\t<\/div>\n\t\t\t\t<div class=\"elementor-column elementor-col-25 elementor-inner-column elementor-element elementor-element-8da1bd4\" data-id=\"8da1bd4\" data-element_type=\"column\">\n\t\t\t<div class=\"elementor-widget-wrap elementor-element-populated\">\n\t\t\t\t\t\t\t\t<div class=\"elementor-element elementor-element-64f3fd0 elementor-invisible elementor-widget elementor-widget-pix-photo-box\" data-id=\"64f3fd0\" data-element_type=\"widget\" data-widget_type=\"pix-photo-box.default\">\n\t\t\t\t<div class=\"elementor-widget-container\">\n\t\t\t<div class=\"animate-in d-inline-block w-100\" data-anim-type=\"fade-in-up\" data-anim-delay=\"600\"><div class=\"card w-100 h-100 bg-heading-default bg-transparent  text-left w-100 d-inline-block pix-hover-item rounded-lg position-relative overflow-hidden text-white\" ><img decoding=\"async\" src=\"https:\/\/essor93.org\/wp-content\/plugins\/pixfort-core\/functions\/images\/loading.webp\" data-srcset=\"https:\/\/essor93.org\/wp-content\/uploads\/2022\/05\/fabricatio-produits-entretien-essor93-asso-sociale-300x300.jpg 300w, https:\/\/essor93.org\/wp-content\/uploads\/2022\/05\/fabricatio-produits-entretien-essor93-asso-sociale-150x150.jpg 150w, https:\/\/essor93.org\/wp-content\/uploads\/2022\/05\/fabricatio-produits-entretien-essor93-asso-sociale-400x400.jpg 400w, https:\/\/essor93.org\/wp-content\/uploads\/2022\/05\/fabricatio-produits-entretien-essor93-asso-sociale-75x75.jpg 75w, https:\/\/essor93.org\/wp-content\/uploads\/2022\/05\/fabricatio-produits-entretien-essor93-asso-sociale-460x460.jpg 460w, https:\/\/essor93.org\/wp-content\/uploads\/2022\/05\/fabricatio-produits-entretien-essor93-asso-sociale.jpg 500w\" data-src=\"https:\/\/essor93.org\/wp-content\/uploads\/2022\/05\/fabricatio-produits-entretien-essor93-asso-sociale.jpg\" class=\"pix-lazy card-img pix-bg-image h-100 pix-img-scale pix-opacity-10 \" loading=\"lazy\" alt=\"Fabrication de produit d'entretien \"><a href=\"https:\/\/essor93.org\/wp-content\/uploads\/2022\/04\/Une-maison-propre-au-naturel.pdf\" target=\"_blank\" class=\"card-img-overlay2 d-inline-block w-100 pix-img-overlay pix-p-10 d-flex align-items-end\" style=\"min-height:450px;\"><div class=\"w-100\"><div class=\"card-content-box pix-p-20 rounded-lg w-100 shadow  bg-white d-flex justify-content-between align-items-center\"><h6 class=\"card-title font-weight-bold  text-heading-default m-0 w-100\" style=\"\">Fabrication de produit d'entretien <\/h6><h6 class=\"pixicon-angle-right text-heading-default font-weight-bold\" style=\"\"><\/h6><\/div><\/div><\/a><\/div><\/div>\t\t<\/div>\n\t\t\t\t<\/div>\n\t\t\t\t\t<\/div>\n\t\t<\/div>\n\t\t\t\t\t\t\t<\/div>\n\t\t<\/section>\n\t\t\t\t<section class=\"elementor-section elementor-inner-section elementor-element elementor-element-a9e9a02 elementor-section-boxed elementor-section-height-default elementor-section-height-default\" data-id=\"a9e9a02\" data-element_type=\"section\">\n\t\t\t\t\t\t<div class=\"elementor-container elementor-column-gap-default\">\n\t\t\t\t\t<div class=\"elementor-column elementor-col-100 elementor-inner-column elementor-element elementor-element-7eb1742\" data-id=\"7eb1742\" data-element_type=\"column\">\n\t\t\t<div class=\"elementor-widget-wrap\">\n\t\t\t\t\t\t\t\t\t<\/div>\n\t\t<\/div>\n\t\t\t\t\t\t\t<\/div>\n\t\t<\/section>\n\t\t\t\t\t<\/div>\n\t\t<\/div>\n\t\t\t\t\t\t\t<\/div>\n\t\t<\/section>\n\t\t\t\t\t\t\t<\/div>\n\t\t","protected":false},"excerpt":{"rendered":"<p>Quelques conseils pour am\u00e9liorer votre quotidien! Ici , Essor93 vous propose de t\u00e9l\u00e9charger gratuitement des documents qui vous seront utiles et qui pourrait am\u00e9liorer votre quotidien comme un guide reprenant chaque \u00e9tapes essentielles pour votre parcours logement, des recettes de&#8230;<\/p>\n","protected":false},"author":1,"featured_media":0,"parent":0,"menu_order":0,"comment_status":"closed","ping_status":"closed","template":"","meta":{"footnotes":""},"_links":{"self":[{"href":"https:\/\/essor93.org\/index.php\/wp-json\/wp\/v2\/pages\/13527"}],"collection":[{"href":"https:\/\/essor93.org\/index.php\/wp-json\/wp\/v2\/pages"}],"about":[{"href":"https:\/\/essor93.org\/index.php\/wp-json\/wp\/v2\/types\/page"}],"author":[{"embeddable":true,"href":"https:\/\/essor93.org\/index.php\/wp-json\/wp\/v2\/users\/1"}],"replies":[{"embeddable":true,"href":"https:\/\/essor93.org\/index.php\/wp-json\/wp\/v2\/comments?post=13527"}],"version-history":[{"count":40,"href":"https:\/\/essor93.org\/index.php\/wp-json\/wp\/v2\/pages\/13527\/revisions"}],"predecessor-version":[{"id":14594,"href":"https:\/\/essor93.org\/index.php\/wp-json\/wp\/v2\/pages\/13527\/revisions\/14594"}],"wp:attachment":[{"href":"https:\/\/essor93.org\/index.php\/wp-json\/wp\/v2\/media?parent=13527"}],"curies":[{"name":"wp","href":"https:\/\/api.w.org\/{rel}","templated":true}]}}