{"id":13534,"date":"2022-02-18T17:15:12","date_gmt":"2022-02-18T16:15:12","guid":{"rendered":"https:\/\/essor93.org\/?page_id=13534"},"modified":"2022-05-05T14:18:22","modified_gmt":"2022-05-05T12:18:22","slug":"contact","status":"publish","type":"page","link":"https:\/\/essor93.org\/index.php\/contact\/","title":{"rendered":"Contact"},"content":{"rendered":"\t\t<div data-elementor-type=\"wp-page\" data-elementor-id=\"13534\" class=\"elementor elementor-13534\">\n\t\t\t\t\t\t\t\t\t<section class=\"elementor-section elementor-top-section elementor-element elementor-element-17f029d2 elementor-section-boxed elementor-section-height-default elementor-section-height-default\" data-id=\"17f029d2\" data-element_type=\"section\">\n\t\t\t\t\t\t<div class=\"elementor-container elementor-column-gap-default\">\n\t\t\t\t\t<div class=\"elementor-column elementor-col-100 elementor-top-column elementor-element elementor-element-6b1fc1a1\" data-id=\"6b1fc1a1\" data-element_type=\"column\">\n\t\t\t<div class=\"elementor-widget-wrap elementor-element-populated\">\n\t\t\t\t\t\t\t\t<div class=\"elementor-element elementor-element-49c1295 elementor-hidden-mobile elementor-widget elementor-widget-image\" data-id=\"49c1295\" data-element_type=\"widget\" data-widget_type=\"image.default\">\n\t\t\t\t<div class=\"elementor-widget-container\">\n\t\t\t<style>\/*! elementor - v3.16.0 - 17-10-2023 *\/\n.elementor-widget-image{text-align:center}.elementor-widget-image a{display:inline-block}.elementor-widget-image a img[src$=\".svg\"]{width:48px}.elementor-widget-image img{vertical-align:middle;display:inline-block}<\/style>\t\t\t\t\t\t\t\t\t\t\t\t<img decoding=\"async\" loading=\"lazy\" width=\"259\" height=\"300\" src=\"https:\/\/essor93.org\/wp-content\/uploads\/2022\/03\/mains-tendues-essor93-259x300.png\" class=\"attachment-medium size-medium wp-image-13788\" alt=\"\" srcset=\"https:\/\/essor93.org\/wp-content\/uploads\/2022\/03\/mains-tendues-essor93-259x300.png 259w, https:\/\/essor93.org\/wp-content\/uploads\/2022\/03\/mains-tendues-essor93.png 569w\" sizes=\"(max-width: 259px) 100vw, 259px\" \/>\t\t\t\t\t\t\t\t\t\t\t\t\t\t\t<\/div>\n\t\t\t\t<\/div>\n\t\t\t\t<div class=\"elementor-element elementor-element-7540eb65 elementor-widget elementor-widget-pix-text\" data-id=\"7540eb65\" data-element_type=\"widget\" data-widget_type=\"pix-text.default\">\n\t\t\t\t<div class=\"elementor-widget-container\">\n\t\t\t<div class=\"pix-el-text w-100 text-center \" ><div class=\"d-inline-block\" style=\"max-width:600px;\"><p class=\"  text-primary text-center font-weight-bold\" >Une main tendue, les autres s'ouvrent !\nSOLIDAIRES nous avan\u00e7ons ...<\/p><\/div><\/div>\t\t<\/div>\n\t\t\t\t<\/div>\n\t\t\t\t<div class=\"elementor-element elementor-element-5b8bdf0f elementor-widget elementor-widget-pix-heading\" data-id=\"5b8bdf0f\" data-element_type=\"widget\" data-widget_type=\"pix-heading.default\">\n\t\t\t\t<div class=\"elementor-widget-container\">\n\t\t\t<div  class=\"pix-heading-el text-left \"><div><div class=\"slide-in-container\"><h4 class=\"text-dark-opacity-8 font-weight-bold heading-text el-title_custom_color mb-12\" style=\"\" data-anim-type=\"\" data-anim-delay=\"\">Contactez-nous d\u00e8s \u00e0 pr\u00e9sent pour rejoindre notre association Essor93.<\/h4><\/div><\/div><\/div>\t\t<\/div>\n\t\t\t\t<\/div>\n\t\t\t\t<section class=\"elementor-section elementor-inner-section elementor-element elementor-element-2e176b18 elementor-section-boxed elementor-section-height-default elementor-section-height-default\" data-id=\"2e176b18\" data-element_type=\"section\">\n\t\t\t\t\t\t<div class=\"elementor-container elementor-column-gap-default\">\n\t\t\t\t\t<div class=\"elementor-column elementor-col-33 elementor-inner-column elementor-element elementor-element-28c94b8d\" data-id=\"28c94b8d\" data-element_type=\"column\">\n\t\t\t<div class=\"elementor-widget-wrap elementor-element-populated\">\n\t\t\t\t\t\t\t\t<div class=\"elementor-element elementor-element-53051348 elementor-widget elementor-widget-pix-icon\" data-id=\"53051348\" data-element_type=\"widget\" data-widget_type=\"pix-icon.default\">\n\t\t\t\t<div class=\"elementor-widget-container\">\n\t\t\t<div id=\"duo-icon-129274649\" class=\"pix-icon text-left \"><div class=\"rounded-circle d-inline-block feature_img  bg-gradient-primary-light\"   style=\" width:108px;height:108px;position:relative;line-height:108px;text-align:center;\"><i style=\"display:inline-block;font-size:60px;line-height:60px;\" class=\"text-primary align-middle pixicon-support-1\"><\/i><\/div><\/div>\t\t<\/div>\n\t\t\t\t<\/div>\n\t\t\t\t<div class=\"elementor-element elementor-element-58c87091 elementor-widget elementor-widget-pix-text\" data-id=\"58c87091\" data-element_type=\"widget\" data-widget_type=\"pix-text.default\">\n\t\t\t\t<div class=\"elementor-widget-container\">\n\t\t\t<div class=\"pix-el-text w-100 text-left \" ><p class=\"text-20 m-0 text-dark-opacity-6 text-left font-weight-bold secondary-font\" >Nous joindre par t\u00e9l\u00e9phone<\/p><\/div>\t\t<\/div>\n\t\t\t\t<\/div>\n\t\t\t\t<div class=\"elementor-element elementor-element-52e346d2 elementor-widget elementor-widget-pix-text\" data-id=\"52e346d2\" data-element_type=\"widget\" data-widget_type=\"pix-text.default\">\n\t\t\t\t<div class=\"elementor-widget-container\">\n\t\t\t<div class=\"pix-el-text w-100 text-left \" ><p class=\"text-20 m-0 text-dark-opacity-6 text-left \" >01 41 53 15 90<\/p><\/div>\t\t<\/div>\n\t\t\t\t<\/div>\n\t\t\t\t<div class=\"elementor-element elementor-element-478e6aa9 elementor-widget elementor-widget-pix-text\" data-id=\"478e6aa9\" data-element_type=\"widget\" data-widget_type=\"pix-text.default\">\n\t\t\t\t<div class=\"elementor-widget-container\">\n\t\t\t<div class=\"pix-el-text w-100 text-left \" ><p class=\"text-sm m-0 text-dark-opacity-3 text-left \" >Du lundi au vendredi de 9h30 - 12h30 et 13h30 - 17h<\/p><\/div>\t\t<\/div>\n\t\t\t\t<\/div>\n\t\t\t\t\t<\/div>\n\t\t<\/div>\n\t\t\t\t<div class=\"elementor-column elementor-col-33 elementor-inner-column elementor-element elementor-element-73346031\" data-id=\"73346031\" data-element_type=\"column\">\n\t\t\t<div class=\"elementor-widget-wrap elementor-element-populated\">\n\t\t\t\t\t\t\t\t<div class=\"elementor-element elementor-element-4db9dc99 elementor-widget elementor-widget-pix-icon\" data-id=\"4db9dc99\" data-element_type=\"widget\" data-widget_type=\"pix-icon.default\">\n\t\t\t\t<div class=\"elementor-widget-container\">\n\t\t\t<div id=\"duo-icon-87829158\" class=\"pix-icon text-left \"><div class=\"rounded-circle d-inline-block feature_img  bg-gradient-primary-light\"   style=\" width:108px;height:108px;position:relative;line-height:108px;text-align:center;\"><i style=\"display:inline-block;font-size:60px;line-height:60px;\" class=\"text-primary align-middle pixicon-email-open-2\"><\/i><\/div><\/div>\t\t<\/div>\n\t\t\t\t<\/div>\n\t\t\t\t<div class=\"elementor-element elementor-element-662f07cc elementor-widget elementor-widget-pix-text\" data-id=\"662f07cc\" data-element_type=\"widget\" data-widget_type=\"pix-text.default\">\n\t\t\t\t<div class=\"elementor-widget-container\">\n\t\t\t<div class=\"pix-el-text w-100 text-left \" ><p class=\"text-20 m-0 text-dark-opacity-6 text-left font-weight-bold secondary-font\" >Nous joindre par mail<\/p><\/div>\t\t<\/div>\n\t\t\t\t<\/div>\n\t\t\t\t<div class=\"elementor-element elementor-element-3abebf55 elementor-widget elementor-widget-pix-text\" data-id=\"3abebf55\" data-element_type=\"widget\" data-widget_type=\"pix-text.default\">\n\t\t\t\t<div class=\"elementor-widget-container\">\n\t\t\t<div class=\"pix-el-text w-100 text-left \" ><p class=\"text-20 m-0 text-dark-opacity-6 text-left \" >contact@essor93.org<\/p><\/div>\t\t<\/div>\n\t\t\t\t<\/div>\n\t\t\t\t<div class=\"elementor-element elementor-element-691db64b elementor-widget elementor-widget-pix-text\" data-id=\"691db64b\" data-element_type=\"widget\" data-widget_type=\"pix-text.default\">\n\t\t\t\t<div class=\"elementor-widget-container\">\n\t\t\t<div class=\"pix-el-text w-100 text-left \" ><p class=\"text-sm m-0 text-dark-opacity-3 text-left \" >Nous r\u00e9pondrons \u00e0 votre courriel le plus rapidement possible.<\/p><\/div>\t\t<\/div>\n\t\t\t\t<\/div>\n\t\t\t\t\t<\/div>\n\t\t<\/div>\n\t\t\t\t<div class=\"elementor-column elementor-col-33 elementor-inner-column elementor-element elementor-element-1bc28cfa\" data-id=\"1bc28cfa\" data-element_type=\"column\">\n\t\t\t<div class=\"elementor-widget-wrap elementor-element-populated\">\n\t\t\t\t\t\t\t\t<div class=\"elementor-element elementor-element-79b7d086 elementor-widget elementor-widget-pix-icon\" data-id=\"79b7d086\" data-element_type=\"widget\" data-widget_type=\"pix-icon.default\">\n\t\t\t\t<div class=\"elementor-widget-container\">\n\t\t\t<div id=\"duo-icon-196605094\" class=\"pix-icon text-left \"><div class=\"rounded-circle d-inline-block feature_img  bg-gradient-primary-light\"   style=\" width:108px;height:108px;position:relative;line-height:108px;text-align:center;\"><i style=\"display:inline-block;font-size:60px;line-height:60px;\" class=\"text-primary align-middle pixicon-world-map-pin\"><\/i><\/div><\/div>\t\t<\/div>\n\t\t\t\t<\/div>\n\t\t\t\t<div class=\"elementor-element elementor-element-21355c48 elementor-widget elementor-widget-pix-text\" data-id=\"21355c48\" data-element_type=\"widget\" data-widget_type=\"pix-text.default\">\n\t\t\t\t<div class=\"elementor-widget-container\">\n\t\t\t<div class=\"pix-el-text w-100 text-left \" ><p class=\"text-20 m-0 text-dark-opacity-6 text-left font-weight-bold secondary-font\" >2 rue des collines, Gagny<\/p><\/div>\t\t<\/div>\n\t\t\t\t<\/div>\n\t\t\t\t<div class=\"elementor-element elementor-element-44925697 elementor-widget elementor-widget-pix-text\" data-id=\"44925697\" data-element_type=\"widget\" data-widget_type=\"pix-text.default\">\n\t\t\t\t<div class=\"elementor-widget-container\">\n\t\t\t<div class=\"pix-el-text w-100 text-left \" ><p class=\"text-20 m-0 text-dark-opacity-6 text-left \" >9h30 \u00e0 12h30 et 13h30 \u00e0 17h<\/p><\/div>\t\t<\/div>\n\t\t\t\t<\/div>\n\t\t\t\t<div class=\"elementor-element elementor-element-72d8efa2 elementor-widget elementor-widget-pix-text\" data-id=\"72d8efa2\" data-element_type=\"widget\" data-widget_type=\"pix-text.default\">\n\t\t\t\t<div class=\"elementor-widget-container\">\n\t\t\t<div class=\"pix-el-text w-100 text-left \" ><p class=\"text-sm m-0 text-body-default text-left \" >Vous serez le bienvenue !<\/p><\/div>\t\t<\/div>\n\t\t\t\t<\/div>\n\t\t\t\t\t<\/div>\n\t\t<\/div>\n\t\t\t\t\t\t\t<\/div>\n\t\t<\/section>\n\t\t\t\t\t<\/div>\n\t\t<\/div>\n\t\t\t\t\t\t\t<\/div>\n\t\t<\/section>\n\t\t\t\t<section class=\"elementor-section elementor-top-section elementor-element elementor-element-418f381f elementor-section-boxed elementor-section-height-default elementor-section-height-default\" data-id=\"418f381f\" data-element_type=\"section\">\n\t\t\t\t\t\t<div class=\"elementor-container elementor-column-gap-default\">\n\t\t\t\t\t<div class=\"elementor-column elementor-col-100 elementor-top-column elementor-element elementor-element-d2057d6\" data-id=\"d2057d6\" data-element_type=\"column\" data-settings=\"{&quot;background_background&quot;:&quot;gradient&quot;}\">\n\t\t\t<div class=\"elementor-widget-wrap elementor-element-populated\">\n\t\t\t\t\t\t\t\t<div class=\"elementor-element elementor-element-7ff8f89a elementor-widget elementor-widget-pix-heading\" data-id=\"7ff8f89a\" data-element_type=\"widget\" data-widget_type=\"pix-heading.default\">\n\t\t\t\t<div class=\"elementor-widget-container\">\n\t\t\t<div  class=\"pix-heading-el text-left \"><div><div class=\"slide-in-container\"><h3 class=\"text-heading-default font-weight-bold heading-text el-title_custom_color mb-12\" style=\"\" data-anim-type=\"\" data-anim-delay=\"\">Nous contacter<\/h3><\/div><\/div><\/div>\t\t<\/div>\n\t\t\t\t<\/div>\n\t\t\t\t<div class=\"elementor-element elementor-element-6509ec83 elementor-widget elementor-widget-text-editor\" data-id=\"6509ec83\" data-element_type=\"widget\" data-widget_type=\"text-editor.default\">\n\t\t\t\t<div class=\"elementor-widget-container\">\n\t\t\t<style>\/*! elementor - v3.16.0 - 17-10-2023 *\/\n.elementor-widget-text-editor.elementor-drop-cap-view-stacked .elementor-drop-cap{background-color:#69727d;color:#fff}.elementor-widget-text-editor.elementor-drop-cap-view-framed .elementor-drop-cap{color:#69727d;border:3px solid;background-color:transparent}.elementor-widget-text-editor:not(.elementor-drop-cap-view-default) .elementor-drop-cap{margin-top:8px}.elementor-widget-text-editor:not(.elementor-drop-cap-view-default) .elementor-drop-cap-letter{width:1em;height:1em}.elementor-widget-text-editor .elementor-drop-cap{float:left;text-align:center;line-height:1;font-size:50px}.elementor-widget-text-editor .elementor-drop-cap-letter{display:inline-block}<\/style>\t\t\t\t<div class=\"wpcf7 no-js\" id=\"wpcf7-f16-o1\" lang=\"fr-FR\" dir=\"ltr\">\n<div class=\"screen-reader-response\"><p role=\"status\" aria-live=\"polite\" aria-atomic=\"true\"><\/p> <ul><\/ul><\/div>\n<form action=\"\/index.php\/wp-json\/wp\/v2\/pages\/13534#wpcf7-f16-o1\" method=\"post\" class=\"wpcf7-form init\" aria-label=\"Formulaire de contact\" enctype=\"multipart\/form-data\" novalidate=\"novalidate\" data-status=\"init\">\n<div style=\"display: none;\">\n<input type=\"hidden\" name=\"_wpcf7\" value=\"16\" \/>\n<input type=\"hidden\" name=\"_wpcf7_version\" value=\"5.7.2\" \/>\n<input type=\"hidden\" name=\"_wpcf7_locale\" value=\"fr_FR\" \/>\n<input type=\"hidden\" name=\"_wpcf7_unit_tag\" value=\"wpcf7-f16-o1\" \/>\n<input type=\"hidden\" name=\"_wpcf7_container_post\" value=\"0\" \/>\n<input type=\"hidden\" name=\"_wpcf7_posted_data_hash\" value=\"\" \/>\n<input type=\"hidden\" name=\"_wpcf7_recaptcha_response\" value=\"\" \/>\n<\/div>\n<div class=\"pix-contact7-form\"><p><span class=\"wpcf7-form-control-wrap\" data-name=\"file-162\"><input size=\"40\" class=\"wpcf7-form-control wpcf7-file\" id=\"fileyour-filelimit2mb\" accept=\".pdf,.jpg,.doc,.jpeg\" aria-invalid=\"false\" type=\"file\" name=\"file-162\" \/><\/span>\n<\/p>\n<div class=\"row\">\n\t<div class=\"col-md-6\">\n\t\t<p><label class=\"w-100\"><br \/>\n<span class=\"wpcf7-form-control-wrap\" data-name=\"your-name\"><input size=\"40\" class=\"wpcf7-form-control wpcf7-text wpcf7-validates-as-required pix-my-5 form-control bg-gray-1 shadow-0\" aria-required=\"true\" aria-invalid=\"false\" placeholder=\"Votre nom\" value=\"\" type=\"text\" name=\"your-name\" \/><\/span><\/label>\n\t\t<\/p>\n\t<\/div>\n\t<div class=\"col-md-6\">\n\t\t<p><label class=\"w-100\">Adresse<br \/>\n<span class=\"wpcf7-form-control-wrap\" data-name=\"adresse\"><input size=\"40\" class=\"wpcf7-form-control wpcf7-text wpcf7-validates-as-required pix-my-5 form-control bg-gray-1 shadow-0\" aria-required=\"true\" aria-invalid=\"false\" placeholder=\"Rue\/ville\" value=\"\" type=\"text\" name=\"adresse\" \/><\/span><\/label>\n\t\t<\/p>\n\t<\/div>\n\t<div class=\"col-md-6\">\n\t\t<p><label class=\"w-100\">Coordonn\u00e9es<br \/>\n<span class=\"wpcf7-form-control-wrap\" data-name=\"your-email\"><input size=\"40\" class=\"wpcf7-form-control wpcf7-text wpcf7-email wpcf7-validates-as-required wpcf7-validates-as-email pix-my-5 form-control bg-gray-1 shadow-0\" aria-required=\"true\" aria-invalid=\"false\" placeholder=\"Votre adresse mail\" value=\"\" type=\"email\" name=\"your-email\" \/><\/span><\/label>\n\t\t<\/p>\n\t<\/div>\n\t<div class=\"col-md-6\">\n\t\t<p><label class=\"w-100\"><br \/>\n<span class=\"wpcf7-form-control-wrap\" data-name=\"tel-996\"><input size=\"40\" class=\"wpcf7-form-control wpcf7-text wpcf7-tel wpcf7-validates-as-required wpcf7-validates-as-tel pix-mt-5 form-control bg-gray-1 shadow-0\" aria-required=\"true\" aria-invalid=\"false\" placeholder=\"Votre num\u00e9ro de t\u00e9l\u00e9phone\" value=\"\" type=\"tel\" name=\"tel-996\" \/><\/span> <\/label>\n\t\t<\/p>\n\t<\/div>\n\t<div class=\"col-md-12\">\n\t\t<p><label class=\"w-100\"><br \/>\n<span class=\"wpcf7-form-control-wrap\" data-name=\"subject\"><input size=\"40\" class=\"wpcf7-form-control wpcf7-text wpcf7-validates-as-required pix-my-5 form-control bg-gray-1 shadow-0\" aria-required=\"true\" aria-invalid=\"false\" placeholder=\"Objet de votre message\" value=\"\" type=\"text\" name=\"subject\" \/><\/span><\/label>\n\t\t<\/p>\n\t<\/div>\n\t<div class=\"col-md-12\">\n\t\t<p><label class=\"w-100\">D\u00e9crivez votre demande<span class=\"wpcf7-form-control-wrap\" data-name=\"your-message\"><textarea cols=\"40\" rows=\"4\" class=\"wpcf7-form-control wpcf7-textarea wpcf7-validates-as-required pix-my-5 form-control bg-gray-1 shadow-0\" aria-required=\"true\" aria-invalid=\"false\" placeholder=\"\" name=\"your-message\"><\/textarea><\/span> <\/label>\n\t\t<\/p>\n\t<\/div>\n\t<div class=\"col-md-12\">\n\t\t<p><input class=\"wpcf7-form-control has-spinner wpcf7-submit btn btn-gradient-primary text-white w-100 pix-mt-10 font-weight-bold btn-lg secondary-font\" type=\"submit\" value=\"Envoyer votre message\" \/>\n\t\t<\/p>\n\t<span class=\"wpcf7-form-control-wrap recaptcha\" data-name=\"recaptcha\"><span data-sitekey=\"6LflrmAiAAAAANepV0oQMk0A26Pomev6YGdGV_pw\" class=\"wpcf7-form-control g-recaptcha wpcf7-recaptcha\"><\/span>\r\n<noscript>\r\n\t<div class=\"grecaptcha-noscript\">\r\n\t\t<iframe loading=\"lazy\" src=\"https:\/\/www.google.com\/recaptcha\/api\/fallback?k=6LflrmAiAAAAANepV0oQMk0A26Pomev6YGdGV_pw\" frameborder=\"0\" scrolling=\"no\" width=\"310\" height=\"430\">\r\n\t\t<\/iframe>\r\n\t\t<textarea name=\"g-recaptcha-response\" rows=\"3\" cols=\"40\" placeholder=\"reCaptcha Response Here\">\r\n\t\t<\/textarea>\r\n\t<\/div>\r\n<\/noscript>\r\n<\/span>\n\t<\/div><\/div><div class=\"wpcf7-response-output\" aria-hidden=\"true\"><\/div><\/form><\/div>\t\t\t\t\t\t<\/div>\n\t\t\t\t<\/div>\n\t\t\t\t\t<\/div>\n\t\t<\/div>\n\t\t\t\t\t\t\t<\/div>\n\t\t<\/section>\n\t\t\t\t<section class=\"elementor-section elementor-top-section elementor-element elementor-element-6a4634c elementor-section-boxed elementor-section-height-default elementor-section-height-default\" data-id=\"6a4634c\" data-element_type=\"section\">\n\t\t\t\t\t\t<div class=\"elementor-container elementor-column-gap-default\">\n\t\t\t\t\t<div class=\"elementor-column elementor-col-100 elementor-top-column elementor-element elementor-element-7b6d132\" data-id=\"7b6d132\" data-element_type=\"column\">\n\t\t\t<div class=\"elementor-widget-wrap elementor-element-populated\">\n\t\t\t\t\t\t\t\t<div class=\"elementor-element elementor-element-5c8ca696 elementor-widget elementor-widget-google_maps\" data-id=\"5c8ca696\" data-element_type=\"widget\" data-widget_type=\"google_maps.default\">\n\t\t\t\t<div class=\"elementor-widget-container\">\n\t\t\t<style>\/*! elementor - v3.16.0 - 17-10-2023 *\/\n.elementor-widget-google_maps .elementor-widget-container{overflow:hidden}.elementor-widget-google_maps .elementor-custom-embed{line-height:0}.elementor-widget-google_maps iframe{height:300px}<\/style>\t\t<div class=\"elementor-custom-embed\">\n\t\t\t<iframe loading=\"lazy\"\n\t\t\t\t\tsrc=\"https:\/\/maps.google.com\/maps?q=2%20rue%20des%20Collines%20Gagny&#038;t=m&#038;z=17&#038;output=embed&#038;iwloc=near\"\n\t\t\t\t\ttitle=\"2 rue des Collines Gagny\"\n\t\t\t\t\taria-label=\"2 rue des Collines Gagny\"\n\t\t\t><\/iframe>\n\t\t<\/div>\n\t\t\t\t<\/div>\n\t\t\t\t<\/div>\n\t\t\t\t\t<\/div>\n\t\t<\/div>\n\t\t\t\t\t\t\t<\/div>\n\t\t<\/section>\n\t\t\t\t\t\t\t<\/div>\n\t\t","protected":false},"excerpt":{"rendered":"<p>Une main tendue, les autres s&rsquo;ouvrent ! SOLIDAIRES nous avan\u00e7ons &#8230; Contactez-nous d\u00e8s \u00e0 pr\u00e9sent pour rejoindre notre association Essor93. Nous joindre par t\u00e9l\u00e9phone 01 41 53 15 90 Du lundi au vendredi de 9h30 &#8211; 12h30 et 13h30 &#8211;&#8230;<\/p>\n","protected":false},"author":1,"featured_media":0,"parent":0,"menu_order":0,"comment_status":"closed","ping_status":"closed","template":"","meta":{"footnotes":""},"_links":{"self":[{"href":"https:\/\/essor93.org\/index.php\/wp-json\/wp\/v2\/pages\/13534"}],"collection":[{"href":"https:\/\/essor93.org\/index.php\/wp-json\/wp\/v2\/pages"}],"about":[{"href":"https:\/\/essor93.org\/index.php\/wp-json\/wp\/v2\/types\/page"}],"author":[{"embeddable":true,"href":"https:\/\/essor93.org\/index.php\/wp-json\/wp\/v2\/users\/1"}],"replies":[{"embeddable":true,"href":"https:\/\/essor93.org\/index.php\/wp-json\/wp\/v2\/comments?post=13534"}],"version-history":[{"count":46,"href":"https:\/\/essor93.org\/index.php\/wp-json\/wp\/v2\/pages\/13534\/revisions"}],"predecessor-version":[{"id":14482,"href":"https:\/\/essor93.org\/index.php\/wp-json\/wp\/v2\/pages\/13534\/revisions\/14482"}],"wp:attachment":[{"href":"https:\/\/essor93.org\/index.php\/wp-json\/wp\/v2\/media?parent=13534"}],"curies":[{"name":"wp","href":"https:\/\/api.w.org\/{rel}","templated":true}]}}